{"id":41340,"date":"2020-06-30T15:44:09","date_gmt":"2020-06-30T13:44:09","guid":{"rendered":"https:\/\/toshibastoragecom-preview.preview.pslsrv.com\/data-recovery\/"},"modified":"2022-05-25T15:15:55","modified_gmt":"2022-05-25T13:15:55","slug":"data-recovery","status":"publish","type":"page","link":"https:\/\/www.wwwtoshibastoragecom.psl.dev\/pt-pt\/data-recovery\/","title":{"rendered":"Recupera\u00e7\u00e3o de dados"},"content":{"rendered":"<div id=\"main\">\r\n<div id=\"mainInner\">\r\n<section id=\"cont\">\r\n<div class=\"contentTopServive\">\r\n<p align=\"center\">\u00a0<\/p>\r\n<p class=\"has-large-font-size\" style=\"color: red;\" align=\"center\">Pretende recuperar dados perdidos na sua unidade de disco r\u00edgido?<\/p>\r\n<p align=\"center\">\u00a0<\/p>\r\n<\/div>\r\n<\/section>\r\n<\/div>\r\n<\/div>\r\n<p align=\"center\">\u00a0<\/p>\r\n<div id=\"main\">\r\n<div id=\"mainInner\">\r\n<section id=\"cont\">\r\n<div class=\"contentTopServive\">\r\n<ul class=\"listCase\" style=\"font-size: 20px; text-align: center; max-width: 530px; margin-left: auto; margin-right: auto;\">\r\n<li style=\"text-align: left;\">Perdeu todas as suas mem\u00f3rias devido a um v\u00edrus no computador?<\/li>\r\n<li style=\"text-align: left;\">Reformatou* a sua unidade de disco r\u00edgido por engano?<\/li>\r\n<li style=\"text-align: left;\">Eliminou\/gravou por cima de ficheiros importantes?<\/li>\r\n<li style=\"text-align: left;\">Deixou cair a sua unidade de disco r\u00edgido e deixou de lhe ter acesso?<\/li>\r\n<\/ul>\r\n<p>&nbsp;<\/p>\r\n<\/div>\r\n<p style=\"text-align: center; font-size: 15px;\">*Existem dois tipos de formata\u00e7\u00e3o de unidades de disco r\u00edgido: A formata\u00e7\u00e3o l\u00f3gica e a formata\u00e7\u00e3o f\u00edsica. Note que o conte\u00fado de uma unidade de disco r\u00edgido \u00e9 completamente eliminado numa formata\u00e7\u00e3o f\u00edsica e deixa de ser poss\u00edvel recuperar os dados.<\/p>\r\n<p class=\"p1\" style=\"text-align: center; font-size: 20px;\">Antes de desistir, pode trabalhar com uma empresa de servi\u00e7os de recupera\u00e7\u00e3o de dados para recuperar os seus dados. Para sua conveni\u00eancia, fornecemos liga\u00e7\u00f5es para fornecedores de servi\u00e7os de recupera\u00e7\u00e3o de dados.<\/p>\r\n<div class=\"linkBlock\" align=\"center\">\r\n<p><span class=\"image\"><br \/><img loading=\"lazy\" decoding=\"async\" class=\"size-full wp-image-34845 aligncenter\" src=\"https:\/\/www.wwwtoshibastoragecom.psl.dev\/wp-content\/uploads\/2020\/06\/20200630_Toshiba_Storage_Data_Recovery_Icon.gif\" alt=\"\" width=\"89\" height=\"96\" \/><\/span><\/p>\r\n<p>&nbsp;<\/p>\r\n<div id=\"main\">\r\n<div id=\"mainInner\">\r\n<section id=\"cont\">\r\n<p style=\"text-align: center;\">Ao clicar nos log\u00f3tipos abaixo, aceita as exclus\u00f5es de responsabilidade espec\u00edficas acima.<br \/>Os seguintes fornecedores de servi\u00e7os oferecem servi\u00e7os de recupera\u00e7\u00e3o de dados com desconto a clientes com HDDs Toshiba.<\/p>\r\n<div>\r\n<table style=\"width: 100%;\">\r\n<tbody>\r\n<tr>\r\n<th style=\"text-align: center;\"><a href=\"https:\/\/www.wwwtoshibastoragecom.psl.dev\/link-ontrack\/\"><img loading=\"lazy\" decoding=\"async\" class=\"alignnone wp-image-39405 \" src=\"https:\/\/www.wwwtoshibastoragecom.psl.dev\/wp-content\/uploads\/2020\/09\/ontrack_c-300x71.png\" alt=\"\" width=\"232\" height=\"55\" srcset=\"https:\/\/www.wwwtoshibastoragecom.psl.dev\/wp-content\/uploads\/2020\/09\/ontrack_c-300x71.png 300w, https:\/\/www.wwwtoshibastoragecom.psl.dev\/wp-content\/uploads\/2020\/09\/ontrack_c-768x181.png 768w, https:\/\/www.wwwtoshibastoragecom.psl.dev\/wp-content\/uploads\/2020\/09\/ontrack_c-1024x241.png 1024w, https:\/\/www.wwwtoshibastoragecom.psl.dev\/wp-content\/uploads\/2020\/09\/ontrack_c.png 1785w\" sizes=\"auto, (max-width: 232px) 100vw, 232px\" \/><\/a><\/th>\r\n<th style=\"text-align: center;\"><a href=\"https:\/\/www.wwwtoshibastoragecom.psl.dev\/drivesavers\/\"><img loading=\"lazy\" decoding=\"async\" class=\"alignnone wp-image-39393 \" src=\"https:\/\/www.wwwtoshibastoragecom.psl.dev\/wp-content\/uploads\/2020\/09\/DR_DSLogo-300x300.png\" alt=\"\" width=\"156\" height=\"156\" srcset=\"https:\/\/www.wwwtoshibastoragecom.psl.dev\/wp-content\/uploads\/2020\/09\/DR_DSLogo-300x300.png 300w, https:\/\/www.wwwtoshibastoragecom.psl.dev\/wp-content\/uploads\/2020\/09\/DR_DSLogo-150x150.png 150w, https:\/\/www.wwwtoshibastoragecom.psl.dev\/wp-content\/uploads\/2020\/09\/DR_DSLogo-768x769.png 768w, https:\/\/www.wwwtoshibastoragecom.psl.dev\/wp-content\/uploads\/2020\/09\/DR_DSLogo-1024x1024.png 1024w, https:\/\/www.wwwtoshibastoragecom.psl.dev\/wp-content\/uploads\/2020\/09\/DR_DSLogo-450x450.png 450w, https:\/\/www.wwwtoshibastoragecom.psl.dev\/wp-content\/uploads\/2020\/09\/DR_DSLogo.png 1502w\" sizes=\"auto, (max-width: 156px) 100vw, 156px\" \/><\/a><\/th>\r\n<\/tr>\r\n<tr>\r\n<th style=\"text-align: center;\"><a href=\"https:\/\/www.wwwtoshibastoragecom.psl.dev\/link-ontrack\/\"><strong>Ontrack<\/strong><\/a>\r\n<p>&nbsp;<\/p>\r\n<p>&nbsp;<\/p>\r\n<p>&nbsp;<\/p>\r\n<p><a href=\"https:\/\/www.wwwtoshibastoragecom.psl.dev\/link-ontrack\/\">Clique aqui.<\/a>Desconto dispon\u00edvel.<\/p>\r\n<\/th>\r\n<th style=\"text-align: center;\"><a href=\"https:\/\/www.wwwtoshibastoragecom.psl.dev\/drivesavers\/\"><strong>Drivesavers<\/strong><\/a>\r\n<p>&nbsp;<\/p>\r\n<p>&nbsp;<\/p>\r\n<p>&nbsp;<\/p>\r\n<p><a href=\"https:\/\/www.wwwtoshibastoragecom.psl.dev\/drivesavers\/\">Clique aqui.<\/a>Desconto dispon\u00edvel.<\/p>\r\n<\/th>\r\n<\/tr>\r\n<\/tbody>\r\n<\/table>\r\n<\/div>\r\n<\/section>\r\n<\/div>\r\n<\/div>\r\n<\/div>\r\n<\/section>\r\n<\/div>\r\n<\/div>\r\n\r\n<p>&nbsp;<\/p>\r\n\r\n\r\n\r\n<p class=\"has-text-align-center has-large-font-size\">Exclus\u00e3o de responsabilidade<\/p>\r\n\r\n\r\n\r\n<p class=\"p1\">(a) O utilizador seleciona, por sua pr\u00f3pria conta e risco, um dos fornecedores de servi\u00e7os independente e externo (\u201cFornecedor de Servi\u00e7os\u201d) listado abaixo. O utilizador n\u00e3o est\u00e1 de modo algum limitado a escolher outro fornecedor de servi\u00e7os de recupera\u00e7\u00e3o de dados que n\u00e3o os abaixo listados.<\/p>\r\n\r\n\r\n\r\n<p class=\"p1\">(b) Qualquer acordo realizado com o Fornecedor de Servi\u00e7os relativo a servi\u00e7os de recupera\u00e7\u00e3o de dados \u00e9 realizado exclusivamente entre o utilizador e o Fornecedor de Servi\u00e7os. A Toshiba Electronics Europe GmbH e os seus afiliados (doravante referidos coletivamente como \u201cTOSHIBA\u201d) em caso algum ser\u00e3o parte integrante desse acordo.<\/p>\r\n\r\n\r\n\r\n<p class=\"p1\">(c) A TOSHIBA N\u00c3O PROPORCIONA QUALQUER GARANTIA, EXPRESSA OU IMPLICITA, E EXCLUI EXPRESSAMENTE TODAS AS GARANTIAS EM RELA\u00c7\u00c3O AOS SERVI\u00c7OS PRESTADOS POR UM FORNCEDOR DE SERVI\u00c7OS INDEPENDENTE E EXTERNO, INCLUINDO MAS N\u00c3O LIMITADO A, QUALQUER GARANTIA EM RELA\u00c7\u00c3O \u00c0 QUALIDADE OU FIABILIDADE DOS SERVI\u00c7OS DO FORNCEDOR DE SERVI\u00c7OS INDEPENDENTE E EXTERNO, A N\u00c3O VIOLA\u00c7\u00c3O, COMERCIALIZA\u00c7\u00c3O OU ADEQUA\u00c7\u00c3O A UM DETERMINADO FIM.<\/p>\r\n\r\n\r\n\r\n<p class=\"p1\">(d) Recorrer a servi\u00e7os de recupera\u00e7\u00e3o de dados prestados por um Fornecedor de Servi\u00e7os n\u00e3o ir\u00e1 anular a Garantia Toshiba relativa a unidades externas e internas de discos r\u00edgidos (\u201cunidade de disco r\u00edgido\u201d) concedida a um utilizador final que tenha adquirido uma unidade de disco r\u00edgido (\u201cGarantia Toshiba \u201d). No entanto, se a unidade de disco r\u00edgido for danificada ou apresentar defeitos resultantes dos servi\u00e7os prestados pelo Fornecedor de Servi\u00e7os, a Garantia Toshiba n\u00e3o ser\u00e1 aplicada a estes danos ou defeitos.<\/p>\r\n\r\n\r\n\r\n<p class=\"p1\">(e) De acordo com a Garantia Toshiba, a TOSHIBA n\u00e3o assume qualquer responsabilidade por qualquer tipo de perda ou danos relacionados \u00e0, advindos ou resultantes da presta\u00e7\u00e3o de servi\u00e7os do Fornecedor de Servi\u00e7os, incluindo mas n\u00e3o limitado a, qualquer perda de ou danos aos dados presentes numa unidade de disco r\u00edgido da Toshiba, por ex., atribu\u00eddos \u00e0 utiliza\u00e7\u00e3o indevida, adultera\u00e7\u00e3o, manuseio indevido ou outras causas especificadas na Garantia Toshiba. O utilizador \u00e9 respons\u00e1vel por guardar (fazer uma c\u00f3pia de seguran\u00e7a) de quaisquer dados. A TOSHIBA n\u00e3o garante nem cobre qualquer perda financeira ou outra resultante da perda de dados.<\/p>\r\n\r\n\r\n\r\n<p class=\"p1\">(f) As condi\u00e7\u00f5es efetivas dos servi\u00e7os de recupera\u00e7\u00e3o de dados est\u00e3o sujeitas \u00e0s instru\u00e7\u00f5es da p\u00e1gina Web de cada Fornecedor de servi\u00e7os.<\/p>\r\n\r\n\r\n\r\n<p class=\"has-text-align-center\">\u00a0<\/p>\r\n\r\n\r\n\r\n<p>&nbsp;<\/p>\r\n","protected":false},"excerpt":{"rendered":"<p>\u00a0 Pretende recuperar dados perdidos na sua unidade de disco r\u00edgido? \u00a0 \u00a0 Perdeu todas as suas mem\u00f3rias devido a um v\u00edrus no computador? Reformatou* a sua unidade de disco r\u00edgido por engano? Eliminou\/gravou por cima de ficheiros importantes? Deixou cair a sua unidade de disco r\u00edgido e deixou de lhe ter acesso? &nbsp; *Existem &hellip;<\/p>\n","protected":false},"author":30,"featured_media":45688,"parent":0,"menu_order":0,"comment_status":"closed","ping_status":"closed","template":"page-content-with-hero.php","meta":{"_acf_changed":false,"footnotes":""},"class_list":["post-41340","page","type-page","status-publish","has-post-thumbnail","hentry"],"acf":[],"yoast_head":"<!-- This site is optimized with the Yoast SEO Premium plugin v27.3 (Yoast SEO v27.3) - https:\/\/yoast.com\/product\/yoast-seo-premium-wordpress\/ -->\n<title>Recupera\u00e7\u00e3o de dados - EMEA<\/title>\n<meta name=\"robots\" content=\"index, follow, max-snippet:-1, max-image-preview:large, max-video-preview:-1\" \/>\n<link rel=\"canonical\" href=\"https:\/\/www.wwwtoshibastoragecom.psl.dev\/pt-pt\/data-recovery\/\" \/>\n<meta property=\"og:locale\" content=\"pt_PT\" \/>\n<meta property=\"og:type\" content=\"article\" \/>\n<meta property=\"og:title\" content=\"Recupera\u00e7\u00e3o de dados\" \/>\n<meta property=\"og:description\" content=\"\u00a0 Pretende recuperar dados perdidos na sua unidade de disco r\u00edgido? \u00a0 \u00a0 Perdeu todas as suas mem\u00f3rias devido a um v\u00edrus no computador? Reformatou* a sua unidade de disco r\u00edgido por engano? Eliminou\/gravou por cima de ficheiros importantes? Deixou cair a sua unidade de disco r\u00edgido e deixou de lhe ter acesso? &nbsp; *Existem &hellip;\" \/>\n<meta property=\"og:url\" content=\"https:\/\/www.wwwtoshibastoragecom.psl.dev\/pt-pt\/data-recovery\/\" \/>\n<meta property=\"og:site_name\" content=\"EMEA\" \/>\n<meta property=\"article:publisher\" content=\"https:\/\/www.facebook.com\/ToshibaStorageEU\/\" \/>\n<meta property=\"article:modified_time\" content=\"2022-05-25T13:15:55+00:00\" \/>\n<meta property=\"og:image\" content=\"https:\/\/www.wwwtoshibastoragecom.psl.dev\/wp-content\/uploads\/2021\/06\/TOSH_Kachel_Data_Recovery_450x450_V2.jpg\" \/>\n\t<meta property=\"og:image:width\" content=\"450\" \/>\n\t<meta property=\"og:image:height\" content=\"450\" \/>\n\t<meta property=\"og:image:type\" content=\"image\/jpeg\" \/>\n<meta name=\"twitter:card\" content=\"summary_large_image\" \/>\n<meta name=\"twitter:label1\" content=\"Est. reading time\" \/>\n\t<meta name=\"twitter:data1\" content=\"3 minutes\" \/>\n<script type=\"application\/ld+json\" class=\"yoast-schema-graph\">{\"@context\":\"https:\\\/\\\/schema.org\",\"@graph\":[{\"@type\":\"WebPage\",\"@id\":\"https:\\\/\\\/www.wwwtoshibastoragecom.psl.dev\\\/pt-pt\\\/data-recovery\\\/\",\"url\":\"https:\\\/\\\/www.wwwtoshibastoragecom.psl.dev\\\/pt-pt\\\/data-recovery\\\/\",\"name\":\"Recupera\u00e7\u00e3o de dados - EMEA\",\"isPartOf\":{\"@id\":\"https:\\\/\\\/toshibastorage.local\\\/#website\"},\"primaryImageOfPage\":{\"@id\":\"https:\\\/\\\/www.wwwtoshibastoragecom.psl.dev\\\/pt-pt\\\/data-recovery\\\/#primaryimage\"},\"image\":{\"@id\":\"https:\\\/\\\/www.wwwtoshibastoragecom.psl.dev\\\/pt-pt\\\/data-recovery\\\/#primaryimage\"},\"thumbnailUrl\":\"https:\\\/\\\/www.wwwtoshibastoragecom.psl.dev\\\/wp-content\\\/uploads\\\/2021\\\/06\\\/TOSH_Kachel_Data_Recovery_450x450_V2.jpg\",\"datePublished\":\"2020-06-30T13:44:09+00:00\",\"dateModified\":\"2022-05-25T13:15:55+00:00\",\"inLanguage\":\"pt-PT\",\"potentialAction\":[{\"@type\":\"ReadAction\",\"target\":[\"https:\\\/\\\/www.wwwtoshibastoragecom.psl.dev\\\/pt-pt\\\/data-recovery\\\/\"]}]},{\"@type\":\"ImageObject\",\"inLanguage\":\"pt-PT\",\"@id\":\"https:\\\/\\\/www.wwwtoshibastoragecom.psl.dev\\\/pt-pt\\\/data-recovery\\\/#primaryimage\",\"url\":\"https:\\\/\\\/www.wwwtoshibastoragecom.psl.dev\\\/wp-content\\\/uploads\\\/2021\\\/06\\\/TOSH_Kachel_Data_Recovery_450x450_V2.jpg\",\"contentUrl\":\"https:\\\/\\\/www.wwwtoshibastoragecom.psl.dev\\\/wp-content\\\/uploads\\\/2021\\\/06\\\/TOSH_Kachel_Data_Recovery_450x450_V2.jpg\",\"width\":450,\"height\":450},{\"@type\":\"WebSite\",\"@id\":\"https:\\\/\\\/toshibastorage.local\\\/#website\",\"url\":\"https:\\\/\\\/toshibastorage.local\\\/\",\"name\":\"Toshiba Storage Solutions \u2013 EMEA Region\",\"description\":\"Toshiba in Europe and Middle East Asia provides reliable and innovative storage solutions and internal and external HDDs \u2013for Laptops, PC, NAS, Surveillance and Enterprise.\",\"publisher\":{\"@id\":\"https:\\\/\\\/toshibastorage.local\\\/#organization\"},\"potentialAction\":[{\"@type\":\"SearchAction\",\"target\":{\"@type\":\"EntryPoint\",\"urlTemplate\":\"https:\\\/\\\/toshibastorage.local\\\/?s={search_term_string}\"},\"query-input\":{\"@type\":\"PropertyValueSpecification\",\"valueRequired\":true,\"valueName\":\"search_term_string\"}}],\"inLanguage\":\"pt-PT\"},{\"@type\":\"Organization\",\"@id\":\"https:\\\/\\\/toshibastorage.local\\\/#organization\",\"name\":\"Toshiba Electronics Europe GmbH\",\"url\":\"https:\\\/\\\/toshibastorage.local\\\/\",\"logo\":{\"@type\":\"ImageObject\",\"inLanguage\":\"pt-PT\",\"@id\":\"https:\\\/\\\/toshibastorage.local\\\/#\\\/schema\\\/logo\\\/image\\\/\",\"url\":\"https:\\\/\\\/www.wwwtoshibastoragecom.psl.dev\\\/wp-content\\\/uploads\\\/2024\\\/02\\\/toshiba-logo.png\",\"contentUrl\":\"https:\\\/\\\/www.wwwtoshibastoragecom.psl.dev\\\/wp-content\\\/uploads\\\/2024\\\/02\\\/toshiba-logo.png\",\"width\":263,\"height\":40,\"caption\":\"Toshiba Electronics Europe GmbH\"},\"image\":{\"@id\":\"https:\\\/\\\/toshibastorage.local\\\/#\\\/schema\\\/logo\\\/image\\\/\"},\"sameAs\":[\"https:\\\/\\\/www.facebook.com\\\/ToshibaStorageEU\\\/\",\"https:\\\/\\\/www.linkedin.com\\\/company\\\/toshiba-electronics-europe-gmbh\\\/?originalSubdomain=de\",\"https:\\\/\\\/www.youtube.com\\\/user\\\/ToshibaElectronics1\"]}]}<\/script>\n<!-- \/ Yoast SEO Premium plugin. -->","yoast_head_json":{"title":"Recupera\u00e7\u00e3o de dados - EMEA","robots":{"index":"index","follow":"follow","max-snippet":"max-snippet:-1","max-image-preview":"max-image-preview:large","max-video-preview":"max-video-preview:-1"},"canonical":"https:\/\/www.wwwtoshibastoragecom.psl.dev\/pt-pt\/data-recovery\/","og_locale":"pt_PT","og_type":"article","og_title":"Recupera\u00e7\u00e3o de dados","og_description":"\u00a0 Pretende recuperar dados perdidos na sua unidade de disco r\u00edgido? \u00a0 \u00a0 Perdeu todas as suas mem\u00f3rias devido a um v\u00edrus no computador? Reformatou* a sua unidade de disco r\u00edgido por engano? Eliminou\/gravou por cima de ficheiros importantes? Deixou cair a sua unidade de disco r\u00edgido e deixou de lhe ter acesso? &nbsp; *Existem &hellip;","og_url":"https:\/\/www.wwwtoshibastoragecom.psl.dev\/pt-pt\/data-recovery\/","og_site_name":"EMEA","article_publisher":"https:\/\/www.facebook.com\/ToshibaStorageEU\/","article_modified_time":"2022-05-25T13:15:55+00:00","og_image":[{"width":450,"height":450,"url":"https:\/\/www.wwwtoshibastoragecom.psl.dev\/wp-content\/uploads\/2021\/06\/TOSH_Kachel_Data_Recovery_450x450_V2.jpg","type":"image\/jpeg"}],"twitter_card":"summary_large_image","twitter_misc":{"Est. reading time":"3 minutes"},"schema":{"@context":"https:\/\/schema.org","@graph":[{"@type":"WebPage","@id":"https:\/\/www.wwwtoshibastoragecom.psl.dev\/pt-pt\/data-recovery\/","url":"https:\/\/www.wwwtoshibastoragecom.psl.dev\/pt-pt\/data-recovery\/","name":"Recupera\u00e7\u00e3o de dados - EMEA","isPartOf":{"@id":"https:\/\/toshibastorage.local\/#website"},"primaryImageOfPage":{"@id":"https:\/\/www.wwwtoshibastoragecom.psl.dev\/pt-pt\/data-recovery\/#primaryimage"},"image":{"@id":"https:\/\/www.wwwtoshibastoragecom.psl.dev\/pt-pt\/data-recovery\/#primaryimage"},"thumbnailUrl":"https:\/\/www.wwwtoshibastoragecom.psl.dev\/wp-content\/uploads\/2021\/06\/TOSH_Kachel_Data_Recovery_450x450_V2.jpg","datePublished":"2020-06-30T13:44:09+00:00","dateModified":"2022-05-25T13:15:55+00:00","inLanguage":"pt-PT","potentialAction":[{"@type":"ReadAction","target":["https:\/\/www.wwwtoshibastoragecom.psl.dev\/pt-pt\/data-recovery\/"]}]},{"@type":"ImageObject","inLanguage":"pt-PT","@id":"https:\/\/www.wwwtoshibastoragecom.psl.dev\/pt-pt\/data-recovery\/#primaryimage","url":"https:\/\/www.wwwtoshibastoragecom.psl.dev\/wp-content\/uploads\/2021\/06\/TOSH_Kachel_Data_Recovery_450x450_V2.jpg","contentUrl":"https:\/\/www.wwwtoshibastoragecom.psl.dev\/wp-content\/uploads\/2021\/06\/TOSH_Kachel_Data_Recovery_450x450_V2.jpg","width":450,"height":450},{"@type":"WebSite","@id":"https:\/\/toshibastorage.local\/#website","url":"https:\/\/toshibastorage.local\/","name":"Toshiba Storage Solutions \u2013 EMEA Region","description":"Toshiba in Europe and Middle East Asia provides reliable and innovative storage solutions and internal and external HDDs \u2013for Laptops, PC, NAS, Surveillance and Enterprise.","publisher":{"@id":"https:\/\/toshibastorage.local\/#organization"},"potentialAction":[{"@type":"SearchAction","target":{"@type":"EntryPoint","urlTemplate":"https:\/\/toshibastorage.local\/?s={search_term_string}"},"query-input":{"@type":"PropertyValueSpecification","valueRequired":true,"valueName":"search_term_string"}}],"inLanguage":"pt-PT"},{"@type":"Organization","@id":"https:\/\/toshibastorage.local\/#organization","name":"Toshiba Electronics Europe GmbH","url":"https:\/\/toshibastorage.local\/","logo":{"@type":"ImageObject","inLanguage":"pt-PT","@id":"https:\/\/toshibastorage.local\/#\/schema\/logo\/image\/","url":"https:\/\/www.wwwtoshibastoragecom.psl.dev\/wp-content\/uploads\/2024\/02\/toshiba-logo.png","contentUrl":"https:\/\/www.wwwtoshibastoragecom.psl.dev\/wp-content\/uploads\/2024\/02\/toshiba-logo.png","width":263,"height":40,"caption":"Toshiba Electronics Europe GmbH"},"image":{"@id":"https:\/\/toshibastorage.local\/#\/schema\/logo\/image\/"},"sameAs":["https:\/\/www.facebook.com\/ToshibaStorageEU\/","https:\/\/www.linkedin.com\/company\/toshiba-electronics-europe-gmbh\/?originalSubdomain=de","https:\/\/www.youtube.com\/user\/ToshibaElectronics1"]}]}},"_links":{"self":[{"href":"https:\/\/www.wwwtoshibastoragecom.psl.dev\/pt-pt\/wp-json\/wp\/v2\/pages\/41340","targetHints":{"allow":["GET"]}}],"collection":[{"href":"https:\/\/www.wwwtoshibastoragecom.psl.dev\/pt-pt\/wp-json\/wp\/v2\/pages"}],"about":[{"href":"https:\/\/www.wwwtoshibastoragecom.psl.dev\/pt-pt\/wp-json\/wp\/v2\/types\/page"}],"author":[{"embeddable":true,"href":"https:\/\/www.wwwtoshibastoragecom.psl.dev\/pt-pt\/wp-json\/wp\/v2\/users\/30"}],"replies":[{"embeddable":true,"href":"https:\/\/www.wwwtoshibastoragecom.psl.dev\/pt-pt\/wp-json\/wp\/v2\/comments?post=41340"}],"version-history":[{"count":0,"href":"https:\/\/www.wwwtoshibastoragecom.psl.dev\/pt-pt\/wp-json\/wp\/v2\/pages\/41340\/revisions"}],"wp:featuredmedia":[{"embeddable":true,"href":"https:\/\/www.wwwtoshibastoragecom.psl.dev\/pt-pt\/wp-json\/wp\/v2\/media\/45688"}],"wp:attachment":[{"href":"https:\/\/www.wwwtoshibastoragecom.psl.dev\/pt-pt\/wp-json\/wp\/v2\/media?parent=41340"}],"curies":[{"name":"wp","href":"https:\/\/api.w.org\/{rel}","templated":true}]}}