{"id":11945,"date":"2017-10-26T14:44:03","date_gmt":"2017-10-26T12:44:03","guid":{"rendered":"https:\/\/toshibaelectronicseuropegmbh.preview.pslsrv.com\/isencao-de-responsabilidade-para-produtos\/"},"modified":"2020-10-19T17:58:43","modified_gmt":"2020-10-19T15:58:43","slug":"product-disclaimer","status":"publish","type":"page","link":"https:\/\/www.wwwtoshibastoragecom.psl.dev\/pt-pt\/product-disclaimer\/","title":{"rendered":"Isen\u00e7\u00e3o de responsabilidade para produtos"},"content":{"rendered":"<div class=\"wpb-content-wrapper\"><p>[vc_row][vc_column width=&#8221;1\/2&#8243;][vc_column_text]<\/p>\n<h1>Exclus\u00e3o de responsabilidade geral<\/h1>\n<p>1. Especifica\u00e7\u00f5es de produtos<br \/>\nTodas as especifica\u00e7\u00f5es de produtos mencionadas dependem do modelo, da configura\u00e7\u00e3o e da disponibilidade local.<\/p>\n<p>2. Garantia<br \/>\nA Toshiba n\u00e3o proporciona quaisquer garantias adicionais al\u00e9m das que est\u00e3o presentes na descri\u00e7\u00e3o do produto individual da Toshiba ou conforme seja exigido por lei.<\/p>\n<p>3. Capacidade<br \/>\nUm Gigabyte (1 GB) significa 10 9 = 1\u00a0000\u00a0000\u00a0000 de bytes e Um Terabyte (1 TB) significa 10 12 = 1\u00a0000\u00a0000\u00a0000\u00a0000 de bytes \u00e0 pot\u00eancia de 10. Um sistema operativo inform\u00e1tico, no entanto, comunica uma capacidade de armazenamento \u00e0 pot\u00eancia de 2 para a defini\u00e7\u00e3o de 1 GB = 2 30 = 1\u00a0073\u00a0741\u00a0824 de bytes e 1 TB = 2 40 = 1\u00a0099\u00a0511\u00a0627\u00a0776 de bytes, logo, apresenta uma capacidade de armazenamento inferior. A capacidade de armazenamento dispon\u00edvel (incluindo exemplos de v\u00e1rios ficheiros multim\u00e9dia) varia consoante o tamanho do ficheiro, a formata\u00e7\u00e3o, as defini\u00e7\u00f5es, o software e o sistema operativo, bem como outros fatores.<\/p>\n<p>4. Velocidade de leitura e de escrita<br \/>\nA velocidade de leitura e de escrita pode variar consoante o dispositivo anfitri\u00e3o, as condi\u00e7\u00f5es de leitura e de escrita, e o tamanho do ficheiro.<\/p>\n<p>5. Peso<br \/>\nO peso pode variar consoante a configura\u00e7\u00e3o do produto, os componentes dos fornecedores, a variabilidade de fabrico e as op\u00e7\u00f5es selecionadas.<\/p>\n<p>6. LAN sem fios para 802.11b, g e n<br \/>\nA velocidade de transmiss\u00e3o na LAN sem fios e a dist\u00e2ncia que a LAN sem fios pode alcan\u00e7ar poder\u00e1 variar consoante o ambiente eletromagn\u00e9tico envolvente, os obst\u00e1culos, o design e a configura\u00e7\u00e3o do ponto de acesso, bem como as configura\u00e7\u00f5es de software\/hardware e de design do cliente. A velocidade de transmiss\u00e3o real ser\u00e1 inferior \u00e0 velocidade m\u00e1xima te\u00f3rica.<\/p>\n<p>7. Pass\u00edveis de altera\u00e7\u00e3o<br \/>\nEmbora a Toshiba tenha envidado todos os esfor\u00e7os no momento da publica\u00e7\u00e3o de modo a garantir a exatid\u00e3o das informa\u00e7\u00f5es aqui facultadas, as especifica\u00e7\u00f5es dos produtos, configura\u00e7\u00f5es, pre\u00e7os e disponibilidade de sistemas\/componentes\/op\u00e7\u00f5es s\u00e3o pass\u00edveis de altera\u00e7\u00e3o sem aviso pr\u00e9vio.\u00a0 As especifica\u00e7\u00f5es de design e as cores dos produtos est\u00e3o sujeitas a altera\u00e7\u00f5es sem aviso pr\u00e9vio e podem diferir das apresentadas. Erros e omiss\u00f5es exclu\u00eddos.<\/p>\n<p>8. Imagens<br \/>\nAs imagens apresentadas nas p\u00e1ginas do Web site servem apenas para fins ilustrativos. As imagens destinam-se a ajudar a ilustrar o funcionamento das fun\u00e7\u00f5es e n\u00e3o s\u00e3o indicativas de diferen\u00e7as relativas reais.[\/vc_column_text][\/vc_column][vc_column width=&#8221;1\/2&#8243;][vc_column_text]<\/p>\n<h1>Notas de rodap\u00e9 legais e exclus\u00f5es de responsabilidade relativas a modelos<\/h1>\n<p>1. Windows \u00e9 uma marca registada ou comercial da Microsoft Corporation nos Estados Unidos e\/ou noutros pa\u00edses.<br \/>\n2. Mac, OS X e Time Machine s\u00e3o marcas comerciais da Apple Inc., registadas nos EUA e noutros pa\u00edses.<br \/>\n3. Android TM \u00e9 uma marca comercial da Google Inc.<br \/>\n4. USB Type-C TM \u00e9 uma marca comercial da USB Implementers Forum.<\/p>\n<p>Canvio for Smartphone<br \/>\n5. Para ativar o carregamento e a c\u00f3pia de seguran\u00e7a autom\u00e1tica, o smartphone Android tem de estar ligado e ter um n\u00edvel de bateria suficiente, e a aplica\u00e7\u00e3o designada tem de estar instalada.<br \/>\n6. A c\u00f3pia de seguran\u00e7a pode n\u00e3o ser executada consoante o n\u00edvel restante da bateria do smartphone.<\/p>\n<p>E300, P300, N300, X300<br \/>\n7. Quanto aos &#8220;Compartimentos de unidades suportados&#8221;, entre em contacto com o seu Fornecedor de solu\u00e7\u00f5es, uma vez que a compatibilidade com o dispositivo anfitri\u00e3o varia consoante o sistema.<br \/>\n8. A localiza\u00e7\u00e3o do orif\u00edcio de montagem inferior pode variar consoante o produto. Para obter mais informa\u00e7\u00f5es, consulte o Web site seguinte: https:\/\/toshiba.semicon-storage.com\/us\/design-support\/faq\/storage-holes.html<\/p>\n<p>9. Canvio Gaming<br \/>\nO armazenamento de jogos estimado baseia-se no pressuposto de que o tamanho m\u00e9dio de um jogo da gera\u00e7\u00e3o atual \u00e9 de 36 GB. O n\u00famero de jogos efetivamente armazenados pode variar consoante o tamanho do ficheiro, a formata\u00e7\u00e3o, o software da consola e outros programas ou fatores. Podem ser necess\u00e1rios os discos originais para confirmar a propriedade dos jogos comprados e carregados a partir do disco. Podem ser necess\u00e1rias liga\u00e7\u00e3o \u00e0 Internet e a conta do propriet\u00e1rio dos jogos originais.[\/vc_column_text][\/vc_column][\/vc_row]<\/p>\n<\/div>","protected":false},"excerpt":{"rendered":"<p>[vc_row][vc_column width=&#8221;1\/2&#8243;][vc_column_text] Exclus\u00e3o de responsabilidade geral 1. Especifica\u00e7\u00f5es de produtos Todas as especifica\u00e7\u00f5es de produtos mencionadas dependem do modelo, da configura\u00e7\u00e3o e da disponibilidade local. 2. Garantia A Toshiba n\u00e3o proporciona quaisquer garantias adicionais al\u00e9m das que est\u00e3o presentes na descri\u00e7\u00e3o do produto individual da Toshiba ou conforme seja exigido por lei. 3. Capacidade Um &hellip;<\/p>\n","protected":false},"author":22,"featured_media":0,"parent":0,"menu_order":0,"comment_status":"closed","ping_status":"closed","template":"page-legal.php","meta":{"_acf_changed":false,"footnotes":""},"class_list":["post-11945","page","type-page","status-publish","hentry"],"acf":[],"yoast_head":"<!-- This site is optimized with the Yoast SEO Premium plugin v27.4 (Yoast SEO v27.4) - https:\/\/yoast.com\/product\/yoast-seo-premium-wordpress\/ -->\n<title>Isen\u00e7\u00e3o de responsabilidade para produtos - EMEA<\/title>\n<meta name=\"robots\" content=\"index, follow, max-snippet:-1, max-image-preview:large, max-video-preview:-1\" \/>\n<link rel=\"canonical\" href=\"https:\/\/www.wwwtoshibastoragecom.psl.dev\/pt-pt\/product-disclaimer\/\" \/>\n<meta property=\"og:locale\" content=\"pt_PT\" \/>\n<meta property=\"og:type\" content=\"article\" \/>\n<meta property=\"og:title\" content=\"Isen\u00e7\u00e3o de responsabilidade para produtos\" \/>\n<meta property=\"og:description\" content=\"[vc_row][vc_column width=&#8221;1\/2&#8243;][vc_column_text] Exclus\u00e3o de responsabilidade geral 1. Especifica\u00e7\u00f5es de produtos Todas as especifica\u00e7\u00f5es de produtos mencionadas dependem do modelo, da configura\u00e7\u00e3o e da disponibilidade local. 2. Garantia A Toshiba n\u00e3o proporciona quaisquer garantias adicionais al\u00e9m das que est\u00e3o presentes na descri\u00e7\u00e3o do produto individual da Toshiba ou conforme seja exigido por lei. 3. Capacidade Um &hellip;\" \/>\n<meta property=\"og:url\" content=\"https:\/\/www.wwwtoshibastoragecom.psl.dev\/pt-pt\/product-disclaimer\/\" \/>\n<meta property=\"og:site_name\" content=\"EMEA\" \/>\n<meta property=\"article:publisher\" content=\"https:\/\/www.facebook.com\/ToshibaStorageEU\/\" \/>\n<meta property=\"article:modified_time\" content=\"2020-10-19T15:58:43+00:00\" \/>\n<meta name=\"twitter:card\" content=\"summary_large_image\" \/>\n<meta name=\"twitter:label1\" content=\"Est. reading time\" \/>\n\t<meta name=\"twitter:data1\" content=\"4 minutes\" \/>\n<script type=\"application\/ld+json\" class=\"yoast-schema-graph\">{\"@context\":\"https:\\\/\\\/schema.org\",\"@graph\":[{\"@type\":\"WebPage\",\"@id\":\"https:\\\/\\\/www.wwwtoshibastoragecom.psl.dev\\\/pt-pt\\\/product-disclaimer\\\/\",\"url\":\"https:\\\/\\\/www.wwwtoshibastoragecom.psl.dev\\\/pt-pt\\\/product-disclaimer\\\/\",\"name\":\"Isen\u00e7\u00e3o de responsabilidade para produtos - EMEA\",\"isPartOf\":{\"@id\":\"https:\\\/\\\/toshibastorage.local\\\/#website\"},\"datePublished\":\"2017-10-26T12:44:03+00:00\",\"dateModified\":\"2020-10-19T15:58:43+00:00\",\"inLanguage\":\"pt-PT\",\"potentialAction\":[{\"@type\":\"ReadAction\",\"target\":[\"https:\\\/\\\/www.wwwtoshibastoragecom.psl.dev\\\/pt-pt\\\/product-disclaimer\\\/\"]}]},{\"@type\":\"WebSite\",\"@id\":\"https:\\\/\\\/toshibastorage.local\\\/#website\",\"url\":\"https:\\\/\\\/toshibastorage.local\\\/\",\"name\":\"Toshiba Storage Solutions \u2013 EMEA Region\",\"description\":\"Toshiba in Europe and Middle East Asia provides reliable and innovative storage solutions and internal and external HDDs \u2013for Laptops, PC, NAS, Surveillance and Enterprise.\",\"publisher\":{\"@id\":\"https:\\\/\\\/toshibastorage.local\\\/#organization\"},\"potentialAction\":[{\"@type\":\"SearchAction\",\"target\":{\"@type\":\"EntryPoint\",\"urlTemplate\":\"https:\\\/\\\/toshibastorage.local\\\/?s={search_term_string}\"},\"query-input\":{\"@type\":\"PropertyValueSpecification\",\"valueRequired\":true,\"valueName\":\"search_term_string\"}}],\"inLanguage\":\"pt-PT\"},{\"@type\":\"Organization\",\"@id\":\"https:\\\/\\\/toshibastorage.local\\\/#organization\",\"name\":\"Toshiba Electronics Europe GmbH\",\"url\":\"https:\\\/\\\/toshibastorage.local\\\/\",\"logo\":{\"@type\":\"ImageObject\",\"inLanguage\":\"pt-PT\",\"@id\":\"https:\\\/\\\/toshibastorage.local\\\/#\\\/schema\\\/logo\\\/image\\\/\",\"url\":\"https:\\\/\\\/www.wwwtoshibastoragecom.psl.dev\\\/wp-content\\\/uploads\\\/2024\\\/02\\\/toshiba-logo.png\",\"contentUrl\":\"https:\\\/\\\/www.wwwtoshibastoragecom.psl.dev\\\/wp-content\\\/uploads\\\/2024\\\/02\\\/toshiba-logo.png\",\"width\":263,\"height\":40,\"caption\":\"Toshiba Electronics Europe GmbH\"},\"image\":{\"@id\":\"https:\\\/\\\/toshibastorage.local\\\/#\\\/schema\\\/logo\\\/image\\\/\"},\"sameAs\":[\"https:\\\/\\\/www.facebook.com\\\/ToshibaStorageEU\\\/\",\"https:\\\/\\\/www.linkedin.com\\\/company\\\/toshiba-electronics-europe-gmbh\\\/?originalSubdomain=de\",\"https:\\\/\\\/www.youtube.com\\\/user\\\/ToshibaElectronics1\"]}]}<\/script>\n<!-- \/ Yoast SEO Premium plugin. -->","yoast_head_json":{"title":"Isen\u00e7\u00e3o de responsabilidade para produtos - EMEA","robots":{"index":"index","follow":"follow","max-snippet":"max-snippet:-1","max-image-preview":"max-image-preview:large","max-video-preview":"max-video-preview:-1"},"canonical":"https:\/\/www.wwwtoshibastoragecom.psl.dev\/pt-pt\/product-disclaimer\/","og_locale":"pt_PT","og_type":"article","og_title":"Isen\u00e7\u00e3o de responsabilidade para produtos","og_description":"[vc_row][vc_column width=&#8221;1\/2&#8243;][vc_column_text] Exclus\u00e3o de responsabilidade geral 1. Especifica\u00e7\u00f5es de produtos Todas as especifica\u00e7\u00f5es de produtos mencionadas dependem do modelo, da configura\u00e7\u00e3o e da disponibilidade local. 2. Garantia A Toshiba n\u00e3o proporciona quaisquer garantias adicionais al\u00e9m das que est\u00e3o presentes na descri\u00e7\u00e3o do produto individual da Toshiba ou conforme seja exigido por lei. 3. Capacidade Um &hellip;","og_url":"https:\/\/www.wwwtoshibastoragecom.psl.dev\/pt-pt\/product-disclaimer\/","og_site_name":"EMEA","article_publisher":"https:\/\/www.facebook.com\/ToshibaStorageEU\/","article_modified_time":"2020-10-19T15:58:43+00:00","twitter_card":"summary_large_image","twitter_misc":{"Est. reading time":"4 minutes"},"schema":{"@context":"https:\/\/schema.org","@graph":[{"@type":"WebPage","@id":"https:\/\/www.wwwtoshibastoragecom.psl.dev\/pt-pt\/product-disclaimer\/","url":"https:\/\/www.wwwtoshibastoragecom.psl.dev\/pt-pt\/product-disclaimer\/","name":"Isen\u00e7\u00e3o de responsabilidade para produtos - EMEA","isPartOf":{"@id":"https:\/\/toshibastorage.local\/#website"},"datePublished":"2017-10-26T12:44:03+00:00","dateModified":"2020-10-19T15:58:43+00:00","inLanguage":"pt-PT","potentialAction":[{"@type":"ReadAction","target":["https:\/\/www.wwwtoshibastoragecom.psl.dev\/pt-pt\/product-disclaimer\/"]}]},{"@type":"WebSite","@id":"https:\/\/toshibastorage.local\/#website","url":"https:\/\/toshibastorage.local\/","name":"Toshiba Storage Solutions \u2013 EMEA Region","description":"Toshiba in Europe and Middle East Asia provides reliable and innovative storage solutions and internal and external HDDs \u2013for Laptops, PC, NAS, Surveillance and Enterprise.","publisher":{"@id":"https:\/\/toshibastorage.local\/#organization"},"potentialAction":[{"@type":"SearchAction","target":{"@type":"EntryPoint","urlTemplate":"https:\/\/toshibastorage.local\/?s={search_term_string}"},"query-input":{"@type":"PropertyValueSpecification","valueRequired":true,"valueName":"search_term_string"}}],"inLanguage":"pt-PT"},{"@type":"Organization","@id":"https:\/\/toshibastorage.local\/#organization","name":"Toshiba Electronics Europe GmbH","url":"https:\/\/toshibastorage.local\/","logo":{"@type":"ImageObject","inLanguage":"pt-PT","@id":"https:\/\/toshibastorage.local\/#\/schema\/logo\/image\/","url":"https:\/\/www.wwwtoshibastoragecom.psl.dev\/wp-content\/uploads\/2024\/02\/toshiba-logo.png","contentUrl":"https:\/\/www.wwwtoshibastoragecom.psl.dev\/wp-content\/uploads\/2024\/02\/toshiba-logo.png","width":263,"height":40,"caption":"Toshiba Electronics Europe GmbH"},"image":{"@id":"https:\/\/toshibastorage.local\/#\/schema\/logo\/image\/"},"sameAs":["https:\/\/www.facebook.com\/ToshibaStorageEU\/","https:\/\/www.linkedin.com\/company\/toshiba-electronics-europe-gmbh\/?originalSubdomain=de","https:\/\/www.youtube.com\/user\/ToshibaElectronics1"]}]}},"_links":{"self":[{"href":"https:\/\/www.wwwtoshibastoragecom.psl.dev\/pt-pt\/wp-json\/wp\/v2\/pages\/11945","targetHints":{"allow":["GET"]}}],"collection":[{"href":"https:\/\/www.wwwtoshibastoragecom.psl.dev\/pt-pt\/wp-json\/wp\/v2\/pages"}],"about":[{"href":"https:\/\/www.wwwtoshibastoragecom.psl.dev\/pt-pt\/wp-json\/wp\/v2\/types\/page"}],"author":[{"embeddable":true,"href":"https:\/\/www.wwwtoshibastoragecom.psl.dev\/pt-pt\/wp-json\/wp\/v2\/users\/22"}],"replies":[{"embeddable":true,"href":"https:\/\/www.wwwtoshibastoragecom.psl.dev\/pt-pt\/wp-json\/wp\/v2\/comments?post=11945"}],"version-history":[{"count":0,"href":"https:\/\/www.wwwtoshibastoragecom.psl.dev\/pt-pt\/wp-json\/wp\/v2\/pages\/11945\/revisions"}],"wp:attachment":[{"href":"https:\/\/www.wwwtoshibastoragecom.psl.dev\/pt-pt\/wp-json\/wp\/v2\/media?parent=11945"}],"curies":[{"name":"wp","href":"https:\/\/api.w.org\/{rel}","templated":true}]}}