{"id":10519,"date":"2017-10-15T14:29:08","date_gmt":"2017-10-15T12:29:08","guid":{"rendered":"https:\/\/toshibaelectronicseuropegmbh.preview.pslsrv.com\/contatti\/"},"modified":"2023-05-03T12:41:47","modified_gmt":"2023-05-03T10:41:47","slug":"contact","status":"publish","type":"page","link":"https:\/\/www.wwwtoshibastoragecom.psl.dev\/it\/contact\/","title":{"rendered":"Contatti"},"content":{"rendered":"<div class=\"wpb-content-wrapper\"><p>[vc_row][vc_column width=&#8221;1\/3&#8243;][vc_column_text]<strong>Passaggio 1.<\/strong><\/p>\n<p>Qual \u00e8 l\u2019informazione che cerchi?<br \/>\n[\/vc_column_text][\/vc_column][vc_column width=&#8221;1\/3&#8243;][vc_column_text]<strong>Passaggio 2.<\/strong><\/p>\n<p>Controlla se riesci a trovare le informazioni che desideri in questa pagina, ad esempio nelle Domande frequenti, nell\u2019archivio prodotti, nei tutorial video ecc.[\/vc_column_text][\/vc_column][vc_column width=&#8221;1\/3&#8243;][vc_column_text]<strong>Passaggio 3.<\/strong><\/p>\n<p>Per reclami coperti da garanzia, fai clic <a href=\"https:\/\/www.wwwtoshibastoragecom.psl.dev\/it\/warranty-claims\/\">qui<\/a>. Per richieste generiche, puoi contattare il centro assistenza.[\/vc_column_text][\/vc_column][\/vc_row][vc_row][vc_column][vc_column_text]Per ulteriori informazioni, contatta il nostro numero verde gratuito dedicato all\u2019assistenza (solo in inglese e tedesco).<\/p>\n<p><strong>00800-THOTLINE (84685463)<\/strong>[\/vc_column_text][\/vc_column][\/vc_row][vc_row css=&#8221;.vc_custom_1542152086144{padding-bottom: 0px !important;}&#8221;][vc_column][vc_column_text css=&#8221;.vc_custom_1543530962428{margin-bottom: 0px !important;border-bottom-width: 0px !important;padding-bottom: 0px !important;}&#8221;]<strong>Paesi supportati:<\/strong>[\/vc_column_text][vc_row_inner css=&#8221;.vc_custom_1542151967621{padding-bottom: 0px !important;}&#8221;][vc_column_inner width=&#8221;1\/3&#8243;]<p class=\"toshiba-country-list-item\" style=\"background-image: url(https:\/\/www.wwwtoshibastoragecom.psl.dev\/wp-content\/themes\/toshiba\/assets\/images\/icon-at.png);\">Austria<\/p><p class=\"toshiba-country-list-item\" style=\"background-image: url(https:\/\/www.wwwtoshibastoragecom.psl.dev\/wp-content\/themes\/toshiba\/assets\/images\/icon-be.png);\">Belgio<\/p><p class=\"toshiba-country-list-item\" style=\"background-image: url(https:\/\/www.wwwtoshibastoragecom.psl.dev\/wp-content\/themes\/toshiba\/assets\/images\/icon-dk.png);\">Danimarca<\/p><p class=\"toshiba-country-list-item\" style=\"background-image: url(https:\/\/www.wwwtoshibastoragecom.psl.dev\/wp-content\/themes\/toshiba\/assets\/images\/icon-fi.png);\">Finlandia<\/p><p class=\"toshiba-country-list-item\" style=\"background-image: url(https:\/\/www.wwwtoshibastoragecom.psl.dev\/wp-content\/themes\/toshiba\/assets\/images\/icon-fr.png);\">Francia<\/p>[\/vc_column_inner][vc_column_inner width=&#8221;1\/3&#8243;]<p class=\"toshiba-country-list-item\" style=\"background-image: url(https:\/\/www.wwwtoshibastoragecom.psl.dev\/wp-content\/themes\/toshiba\/assets\/images\/icon-de.png);\">Germania<\/p><p class=\"toshiba-country-list-item\" style=\"background-image: url(https:\/\/www.wwwtoshibastoragecom.psl.dev\/wp-content\/themes\/toshiba\/assets\/images\/icon-ie.png);\">Irlanda<\/p><p class=\"toshiba-country-list-item\" style=\"background-image: url(https:\/\/www.wwwtoshibastoragecom.psl.dev\/wp-content\/themes\/toshiba\/assets\/images\/icon-il.png);\">Israele<\/p><p class=\"toshiba-country-list-item\" style=\"background-image: url(https:\/\/www.wwwtoshibastoragecom.psl.dev\/wp-content\/themes\/toshiba\/assets\/images\/icon-it.png);\">Italia<\/p><p class=\"toshiba-country-list-item\" style=\"background-image: url(https:\/\/www.wwwtoshibastoragecom.psl.dev\/wp-content\/themes\/toshiba\/assets\/images\/icon-nl.png);\">Paesi Bassi<\/p>[\/vc_column_inner][vc_column_inner width=&#8221;1\/3&#8243;]<p class=\"toshiba-country-list-item\" style=\"background-image: url(https:\/\/www.wwwtoshibastoragecom.psl.dev\/wp-content\/themes\/toshiba\/assets\/images\/icon-no.png);\">Norvegia<\/p><p class=\"toshiba-country-list-item\" style=\"background-image: url(https:\/\/www.wwwtoshibastoragecom.psl.dev\/wp-content\/themes\/toshiba\/assets\/images\/icon-es.png);\">Spagna<\/p><p class=\"toshiba-country-list-item\" style=\"background-image: url(https:\/\/www.wwwtoshibastoragecom.psl.dev\/wp-content\/themes\/toshiba\/assets\/images\/icon-se.png);\">Svezia<\/p><p class=\"toshiba-country-list-item\" style=\"background-image: url(https:\/\/www.wwwtoshibastoragecom.psl.dev\/wp-content\/themes\/toshiba\/assets\/images\/icon-ch.png);\">Svizzera<\/p><p class=\"toshiba-country-list-item\" style=\"background-image: url(https:\/\/www.wwwtoshibastoragecom.psl.dev\/wp-content\/themes\/toshiba\/assets\/images\/icon-gb.png);\">Regno Unito<\/p>[\/vc_column_inner][\/vc_row_inner][vc_row_inner css=&#8221;.vc_custom_1542152023653{padding-bottom: 0px !important;}&#8221; el_class=&#8221;toshiba-note&#8221;][vc_column_inner width=&#8221;1\/3&#8243;][vc_column_text]Per tutti gli altri Paesi: +49 (0) 1805-834373 (a pagamento)*[\/vc_column_text][\/vc_column_inner][vc_column_inner width=&#8221;1\/3&#8243;][vc_column_text]*0,14 \u20ac\/min. secondo il piano tariffario della Deutsche Telekom da rete fissa (la tariffa pu\u00f2 variare per chiamate dalla rete cellulare)[\/vc_column_text][\/vc_column_inner][vc_column_inner width=&#8221;1\/3&#8243;][vc_column_text]Questo servizio \u00e8 attualmente disponibile dal luned\u00ec al venerd\u00ec dalle 09:00 alle 18:00 (CET)\/dalle 08:00 alle 17:00 (GMT)[\/vc_column_text][\/vc_column_inner][\/vc_row_inner][\/vc_column][\/vc_row][vc_row][vc_column]<div class=\"wpforms-container wpforms-container-full toshiba-contat-form\" id=\"wpforms-51796\"><form id=\"wpforms-form-51796\" class=\"wpforms-validate wpforms-form wpforms-ajax-form\" data-formid=\"51796\" method=\"post\" enctype=\"multipart\/form-data\" action=\"\/it\/wp-json\/wp\/v2\/pages\/10519\" data-token=\"00f76f77209ed41a37460a7dcff2991b\" data-token-time=\"1776151135\"><noscript class=\"wpforms-error-noscript\">Please enable JavaScript in your browser to complete this form.<\/noscript><div class=\"wpforms-field-container\"><div id=\"wpforms-51796-field_0-container\" class=\"wpforms-field wpforms-field-name\" data-field-id=\"0\"><label class=\"wpforms-field-label\" for=\"wpforms-51796-field_0\">Nome <span class=\"wpforms-required-label\">*<\/span><\/label><input type=\"text\" id=\"wpforms-51796-field_0\" class=\"wpforms-field-large wpforms-field-required\" name=\"wpforms[fields][0]\" required><\/div><div id=\"wpforms-51796-field_12-container\" class=\"wpforms-field wpforms-field-name\" data-field-id=\"12\"><label class=\"wpforms-field-label\" for=\"wpforms-51796-field_12\">Cognome <span class=\"wpforms-required-label\">*<\/span><\/label><input type=\"text\" id=\"wpforms-51796-field_12\" class=\"wpforms-field-large wpforms-field-required\" name=\"wpforms[fields][12]\" required><\/div><div id=\"wpforms-51796-field_1-container\" class=\"wpforms-field wpforms-field-email\" data-field-id=\"1\"><label class=\"wpforms-field-label\" for=\"wpforms-51796-field_1\">Indirizzo e-mail <span class=\"wpforms-required-label\">*<\/span><\/label><input type=\"email\" id=\"wpforms-51796-field_1\" class=\"wpforms-field-large wpforms-field-required\" name=\"wpforms[fields][1]\" spellcheck=\"false\" required><\/div><div id=\"wpforms-51796-field_11-container\" class=\"wpforms-field wpforms-field-text\" data-field-id=\"11\"><label class=\"wpforms-field-label\" for=\"wpforms-51796-field_11\">Paese<\/label><input type=\"text\" id=\"wpforms-51796-field_11\" class=\"wpforms-field-large\" name=\"wpforms[fields][11]\" ><\/div><div id=\"wpforms-51796-field_10-container\" class=\"wpforms-field wpforms-field-text\" data-field-id=\"10\"><label class=\"wpforms-field-label\" for=\"wpforms-51796-field_10\">Indirizzo<\/label><input type=\"text\" id=\"wpforms-51796-field_10\" class=\"wpforms-field-large\" name=\"wpforms[fields][10]\" ><\/div><div id=\"wpforms-51796-field_4-container\" class=\"wpforms-field wpforms-field-select wpforms-field-select-style-modern\" data-field-id=\"4\"><label class=\"wpforms-field-label\" for=\"wpforms-51796-field_4\">Seleziona categoria prodotto<\/label><select id=\"wpforms-51796-field_4\" class=\"wpforms-field-large choicesjs-select\" data-size-class=\"wpforms-field-row wpforms-field-large\" data-search-enabled=\"1\" name=\"wpforms[fields][4]\"><option value=\"\" class=\"placeholder\" disabled  selected='selected'>Seleziona categoria prodotto<\/option><option value=\"2107\"  class=\"choice-0 depth-1\"  >Desktop<\/option><option value=\"2106\"  class=\"choice-1 depth-1\"  >Hard Disk Interni<\/option><option value=\"9348\"  class=\"choice-2 depth-1\"  >NAS<\/option><option value=\"9337\"  class=\"choice-3 depth-1\"  >PC<\/option><option value=\"2105\"  class=\"choice-4 depth-1\"  >Portatili<\/option><option value=\"263\"  class=\"choice-5 depth-1\"  >Storage smartphone<\/option><option value=\"6589\"  class=\"choice-6 depth-1\"  >Uso aziendale<\/option><option value=\"9326\"  class=\"choice-7 depth-1\"  >Videosorveglianza<\/option><\/select><\/div><div id=\"wpforms-51796-field_5-container\" class=\"wpforms-field wpforms-field-select wpforms-field-select-style-modern\" data-field-id=\"5\"><label class=\"wpforms-field-label\" for=\"wpforms-51796-field_5\">Seleziona argomento<\/label><select id=\"wpforms-51796-field_5\" class=\"wpforms-field-large choicesjs-select\" data-size-class=\"wpforms-field-row wpforms-field-large\" data-search-enabled=\"\" name=\"wpforms[fields][5]\"><option value=\"\" class=\"placeholder\" disabled  selected='selected'>Seleziona argomento<\/option><option value=\"Informazioni generali\"  class=\"choice-1 depth-1\"  >Informazioni generali<\/option><option value=\"Assistenza per la garanzia\"  class=\"choice-2 depth-1\"  >Assistenza per la garanzia<\/option><option value=\"Servizi\"  class=\"choice-3 depth-1\"  >Servizi<\/option><\/select><\/div><div id=\"wpforms-51796-field_2-container\" class=\"wpforms-field wpforms-field-textarea\" data-field-id=\"2\"><label class=\"wpforms-field-label\" for=\"wpforms-51796-field_2\">Inserisci commento <span class=\"wpforms-required-label\">*<\/span><\/label><textarea id=\"wpforms-51796-field_2\" class=\"wpforms-field-medium wpforms-field-required\" name=\"wpforms[fields][2]\" required><\/textarea><\/div><div id=\"wpforms-51796-field_7-container\" class=\"wpforms-field wpforms-field-checkbox contact-form-terms\" data-field-id=\"7\"><label class=\"wpforms-field-label wpforms-label-hide\">Terms <span class=\"wpforms-required-label\">*<\/span><\/label><ul id=\"wpforms-51796-field_7\" class=\"wpforms-field-required\"><li class=\"choice-1 depth-1\"><input type=\"checkbox\" id=\"wpforms-51796-field_7_1\" name=\"wpforms[fields][7][]\" value=\"Ho letto &lt;a href=&quot;\/it\/privacy-policy\/&quot;&gt;l\u2019Informativa sulla privacy&lt;\/a&gt; di Toshiba e ne accetto i termini.\" required ><label class=\"wpforms-field-label-inline\" for=\"wpforms-51796-field_7_1\">Ho letto <a href=\"\/it\/privacy-policy\/\">l\u2019Informativa sulla privacy<\/a> di Toshiba e ne accetto i termini.<\/label><\/li><\/ul><\/div><div id=\"wpforms-51796-field_9-container\" class=\"wpforms-field wpforms-field-html\" data-field-id=\"9\"><div id=\"wpforms-51796-field_9\">* obbligatorio<\/div><\/div><\/div><!-- .wpforms-field-container --><div class=\"wpforms-submit-container\" ><input type=\"hidden\" name=\"wpforms[id]\" value=\"51796\"><input type=\"hidden\" name=\"page_title\" value=\"\"><input type=\"hidden\" name=\"page_url\" value=\"https:\/\/www.wwwtoshibastoragecom.psl.dev\/it\/wp-json\/wp\/v2\/pages\/10519\"><input type=\"hidden\" name=\"url_referer\" value=\"\"><button type=\"submit\" name=\"wpforms[submit]\" id=\"wpforms-submit-51796\" class=\"wpforms-submit form-submit-button\" data-alt-text=\"Wird sendet\u2026\" data-submit-text=\"Invia e-mail\" aria-live=\"assertive\" value=\"wpforms-submit\">Invia e-mail<\/button><img loading=\"lazy\" decoding=\"async\" src=\"https:\/\/www.wwwtoshibastoragecom.psl.dev\/wp-content\/plugins\/wpforms\/assets\/images\/submit-spin.svg\" class=\"wpforms-submit-spinner\" style=\"display: none;\" width=\"26\" height=\"26\" alt=\"Loading\"><\/div><\/form><\/div>  <!-- .wpforms-container -->[\/vc_column][\/vc_row]<\/p>\n<\/div>","protected":false},"excerpt":{"rendered":"<p>[vc_row][vc_column width=&#8221;1\/3&#8243;][vc_column_text]Passaggio 1. Qual \u00e8 l\u2019informazione che cerchi? [\/vc_column_text][\/vc_column][vc_column width=&#8221;1\/3&#8243;][vc_column_text]Passaggio 2. Controlla se riesci a trovare le informazioni che desideri in questa pagina, ad esempio nelle Domande frequenti, nell\u2019archivio prodotti, nei tutorial video ecc.[\/vc_column_text][\/vc_column][vc_column width=&#8221;1\/3&#8243;][vc_column_text]Passaggio 3. Per reclami coperti da garanzia, fai clic qui. Per richieste generiche, puoi contattare il centro assistenza.[\/vc_column_text][\/vc_column][\/vc_row][vc_row][vc_column][vc_column_text]Per ulteriori informazioni, contatta &hellip;<\/p>\n","protected":false},"author":22,"featured_media":24186,"parent":0,"menu_order":0,"comment_status":"closed","ping_status":"closed","template":"page-support-contact.php","meta":{"_acf_changed":false,"footnotes":""},"class_list":["post-10519","page","type-page","status-publish","has-post-thumbnail","hentry"],"acf":[],"yoast_head":"<!-- This site is optimized with the Yoast SEO Premium plugin v27.3 (Yoast SEO v27.3) - https:\/\/yoast.com\/product\/yoast-seo-premium-wordpress\/ -->\n<title>Contatti - EMEA<\/title>\n<meta name=\"robots\" content=\"index, follow, max-snippet:-1, max-image-preview:large, max-video-preview:-1\" \/>\n<link rel=\"canonical\" href=\"https:\/\/www.wwwtoshibastoragecom.psl.dev\/it\/contact\/\" \/>\n<meta property=\"og:locale\" content=\"it_IT\" \/>\n<meta property=\"og:type\" content=\"article\" \/>\n<meta property=\"og:title\" content=\"Contatti\" \/>\n<meta property=\"og:description\" content=\"[vc_row][vc_column width=&#8221;1\/3&#8243;][vc_column_text]Passaggio 1. Qual \u00e8 l\u2019informazione che cerchi? [\/vc_column_text][\/vc_column][vc_column width=&#8221;1\/3&#8243;][vc_column_text]Passaggio 2. Controlla se riesci a trovare le informazioni che desideri in questa pagina, ad esempio nelle Domande frequenti, nell\u2019archivio prodotti, nei tutorial video ecc.[\/vc_column_text][\/vc_column][vc_column width=&#8221;1\/3&#8243;][vc_column_text]Passaggio 3. Per reclami coperti da garanzia, fai clic qui. Per richieste generiche, puoi contattare il centro assistenza.[\/vc_column_text][\/vc_column][\/vc_row][vc_row][vc_column][vc_column_text]Per ulteriori informazioni, contatta &hellip;\" \/>\n<meta property=\"og:url\" content=\"https:\/\/www.wwwtoshibastoragecom.psl.dev\/it\/contact\/\" \/>\n<meta property=\"og:site_name\" content=\"EMEA\" \/>\n<meta property=\"article:publisher\" content=\"https:\/\/www.facebook.com\/ToshibaStorageEU\/\" \/>\n<meta property=\"article:modified_time\" content=\"2023-05-03T10:41:47+00:00\" \/>\n<meta name=\"twitter:card\" content=\"summary_large_image\" \/>\n<meta name=\"twitter:label1\" content=\"Est. reading time\" \/>\n\t<meta name=\"twitter:data1\" content=\"2 minutes\" \/>\n<script type=\"application\/ld+json\" class=\"yoast-schema-graph\">{\"@context\":\"https:\\\/\\\/schema.org\",\"@graph\":[{\"@type\":\"WebPage\",\"@id\":\"https:\\\/\\\/www.wwwtoshibastoragecom.psl.dev\\\/it\\\/contact\\\/\",\"url\":\"https:\\\/\\\/www.wwwtoshibastoragecom.psl.dev\\\/it\\\/contact\\\/\",\"name\":\"Contatti - EMEA\",\"isPartOf\":{\"@id\":\"https:\\\/\\\/toshibastorage.local\\\/#website\"},\"primaryImageOfPage\":{\"@id\":\"https:\\\/\\\/www.wwwtoshibastoragecom.psl.dev\\\/it\\\/contact\\\/#primaryimage\"},\"image\":{\"@id\":\"https:\\\/\\\/www.wwwtoshibastoragecom.psl.dev\\\/it\\\/contact\\\/#primaryimage\"},\"thumbnailUrl\":\"\",\"datePublished\":\"2017-10-15T12:29:08+00:00\",\"dateModified\":\"2023-05-03T10:41:47+00:00\",\"inLanguage\":\"it-IT\",\"potentialAction\":[{\"@type\":\"ReadAction\",\"target\":[\"https:\\\/\\\/www.wwwtoshibastoragecom.psl.dev\\\/it\\\/contact\\\/\"]}]},{\"@type\":\"ImageObject\",\"inLanguage\":\"it-IT\",\"@id\":\"https:\\\/\\\/www.wwwtoshibastoragecom.psl.dev\\\/it\\\/contact\\\/#primaryimage\",\"url\":\"\",\"contentUrl\":\"\",\"width\":2000,\"height\":1333},{\"@type\":\"WebSite\",\"@id\":\"https:\\\/\\\/toshibastorage.local\\\/#website\",\"url\":\"https:\\\/\\\/toshibastorage.local\\\/\",\"name\":\"Toshiba Storage Solutions \u2013 EMEA Region\",\"description\":\"Toshiba in Europe and Middle East Asia provides reliable and innovative storage solutions and internal and external HDDs \u2013for Laptops, PC, NAS, Surveillance and Enterprise.\",\"publisher\":{\"@id\":\"https:\\\/\\\/toshibastorage.local\\\/#organization\"},\"potentialAction\":[{\"@type\":\"SearchAction\",\"target\":{\"@type\":\"EntryPoint\",\"urlTemplate\":\"https:\\\/\\\/toshibastorage.local\\\/?s={search_term_string}\"},\"query-input\":{\"@type\":\"PropertyValueSpecification\",\"valueRequired\":true,\"valueName\":\"search_term_string\"}}],\"inLanguage\":\"it-IT\"},{\"@type\":\"Organization\",\"@id\":\"https:\\\/\\\/toshibastorage.local\\\/#organization\",\"name\":\"Toshiba Electronics Europe GmbH\",\"url\":\"https:\\\/\\\/toshibastorage.local\\\/\",\"logo\":{\"@type\":\"ImageObject\",\"inLanguage\":\"it-IT\",\"@id\":\"https:\\\/\\\/toshibastorage.local\\\/#\\\/schema\\\/logo\\\/image\\\/\",\"url\":\"https:\\\/\\\/www.wwwtoshibastoragecom.psl.dev\\\/wp-content\\\/uploads\\\/2024\\\/02\\\/toshiba-logo.png\",\"contentUrl\":\"https:\\\/\\\/www.wwwtoshibastoragecom.psl.dev\\\/wp-content\\\/uploads\\\/2024\\\/02\\\/toshiba-logo.png\",\"width\":263,\"height\":40,\"caption\":\"Toshiba Electronics Europe GmbH\"},\"image\":{\"@id\":\"https:\\\/\\\/toshibastorage.local\\\/#\\\/schema\\\/logo\\\/image\\\/\"},\"sameAs\":[\"https:\\\/\\\/www.facebook.com\\\/ToshibaStorageEU\\\/\",\"https:\\\/\\\/www.linkedin.com\\\/company\\\/toshiba-electronics-europe-gmbh\\\/?originalSubdomain=de\",\"https:\\\/\\\/www.youtube.com\\\/user\\\/ToshibaElectronics1\"]}]}<\/script>\n<!-- \/ Yoast SEO Premium plugin. -->","yoast_head_json":{"title":"Contatti - EMEA","robots":{"index":"index","follow":"follow","max-snippet":"max-snippet:-1","max-image-preview":"max-image-preview:large","max-video-preview":"max-video-preview:-1"},"canonical":"https:\/\/www.wwwtoshibastoragecom.psl.dev\/it\/contact\/","og_locale":"it_IT","og_type":"article","og_title":"Contatti","og_description":"[vc_row][vc_column width=&#8221;1\/3&#8243;][vc_column_text]Passaggio 1. Qual \u00e8 l\u2019informazione che cerchi? [\/vc_column_text][\/vc_column][vc_column width=&#8221;1\/3&#8243;][vc_column_text]Passaggio 2. Controlla se riesci a trovare le informazioni che desideri in questa pagina, ad esempio nelle Domande frequenti, nell\u2019archivio prodotti, nei tutorial video ecc.[\/vc_column_text][\/vc_column][vc_column width=&#8221;1\/3&#8243;][vc_column_text]Passaggio 3. Per reclami coperti da garanzia, fai clic qui. Per richieste generiche, puoi contattare il centro assistenza.[\/vc_column_text][\/vc_column][\/vc_row][vc_row][vc_column][vc_column_text]Per ulteriori informazioni, contatta &hellip;","og_url":"https:\/\/www.wwwtoshibastoragecom.psl.dev\/it\/contact\/","og_site_name":"EMEA","article_publisher":"https:\/\/www.facebook.com\/ToshibaStorageEU\/","article_modified_time":"2023-05-03T10:41:47+00:00","twitter_card":"summary_large_image","twitter_misc":{"Est. reading time":"2 minutes"},"schema":{"@context":"https:\/\/schema.org","@graph":[{"@type":"WebPage","@id":"https:\/\/www.wwwtoshibastoragecom.psl.dev\/it\/contact\/","url":"https:\/\/www.wwwtoshibastoragecom.psl.dev\/it\/contact\/","name":"Contatti - EMEA","isPartOf":{"@id":"https:\/\/toshibastorage.local\/#website"},"primaryImageOfPage":{"@id":"https:\/\/www.wwwtoshibastoragecom.psl.dev\/it\/contact\/#primaryimage"},"image":{"@id":"https:\/\/www.wwwtoshibastoragecom.psl.dev\/it\/contact\/#primaryimage"},"thumbnailUrl":"","datePublished":"2017-10-15T12:29:08+00:00","dateModified":"2023-05-03T10:41:47+00:00","inLanguage":"it-IT","potentialAction":[{"@type":"ReadAction","target":["https:\/\/www.wwwtoshibastoragecom.psl.dev\/it\/contact\/"]}]},{"@type":"ImageObject","inLanguage":"it-IT","@id":"https:\/\/www.wwwtoshibastoragecom.psl.dev\/it\/contact\/#primaryimage","url":"","contentUrl":"","width":2000,"height":1333},{"@type":"WebSite","@id":"https:\/\/toshibastorage.local\/#website","url":"https:\/\/toshibastorage.local\/","name":"Toshiba Storage Solutions \u2013 EMEA Region","description":"Toshiba in Europe and Middle East Asia provides reliable and innovative storage solutions and internal and external HDDs \u2013for Laptops, PC, NAS, Surveillance and Enterprise.","publisher":{"@id":"https:\/\/toshibastorage.local\/#organization"},"potentialAction":[{"@type":"SearchAction","target":{"@type":"EntryPoint","urlTemplate":"https:\/\/toshibastorage.local\/?s={search_term_string}"},"query-input":{"@type":"PropertyValueSpecification","valueRequired":true,"valueName":"search_term_string"}}],"inLanguage":"it-IT"},{"@type":"Organization","@id":"https:\/\/toshibastorage.local\/#organization","name":"Toshiba Electronics Europe GmbH","url":"https:\/\/toshibastorage.local\/","logo":{"@type":"ImageObject","inLanguage":"it-IT","@id":"https:\/\/toshibastorage.local\/#\/schema\/logo\/image\/","url":"https:\/\/www.wwwtoshibastoragecom.psl.dev\/wp-content\/uploads\/2024\/02\/toshiba-logo.png","contentUrl":"https:\/\/www.wwwtoshibastoragecom.psl.dev\/wp-content\/uploads\/2024\/02\/toshiba-logo.png","width":263,"height":40,"caption":"Toshiba Electronics Europe GmbH"},"image":{"@id":"https:\/\/toshibastorage.local\/#\/schema\/logo\/image\/"},"sameAs":["https:\/\/www.facebook.com\/ToshibaStorageEU\/","https:\/\/www.linkedin.com\/company\/toshiba-electronics-europe-gmbh\/?originalSubdomain=de","https:\/\/www.youtube.com\/user\/ToshibaElectronics1"]}]}},"_links":{"self":[{"href":"https:\/\/www.wwwtoshibastoragecom.psl.dev\/it\/wp-json\/wp\/v2\/pages\/10519","targetHints":{"allow":["GET"]}}],"collection":[{"href":"https:\/\/www.wwwtoshibastoragecom.psl.dev\/it\/wp-json\/wp\/v2\/pages"}],"about":[{"href":"https:\/\/www.wwwtoshibastoragecom.psl.dev\/it\/wp-json\/wp\/v2\/types\/page"}],"author":[{"embeddable":true,"href":"https:\/\/www.wwwtoshibastoragecom.psl.dev\/it\/wp-json\/wp\/v2\/users\/22"}],"replies":[{"embeddable":true,"href":"https:\/\/www.wwwtoshibastoragecom.psl.dev\/it\/wp-json\/wp\/v2\/comments?post=10519"}],"version-history":[{"count":0,"href":"https:\/\/www.wwwtoshibastoragecom.psl.dev\/it\/wp-json\/wp\/v2\/pages\/10519\/revisions"}],"wp:featuredmedia":[{"embeddable":true,"href":"https:\/\/www.wwwtoshibastoragecom.psl.dev\/it\/wp-json\/"}],"wp:attachment":[{"href":"https:\/\/www.wwwtoshibastoragecom.psl.dev\/it\/wp-json\/wp\/v2\/media?parent=10519"}],"curies":[{"name":"wp","href":"https:\/\/api.w.org\/{rel}","templated":true}]}}