{"id":34251,"date":"2020-06-10T15:10:01","date_gmt":"2020-06-10T13:10:01","guid":{"rendered":"https:\/\/www.wwwtoshibastoragecom.psl.dev\/warranty-information\/"},"modified":"2023-05-16T13:37:40","modified_gmt":"2023-05-16T11:37:40","slug":"warranty-information","status":"publish","type":"page","link":"https:\/\/www.wwwtoshibastoragecom.psl.dev\/hu\/warranty-information\/","title":{"rendered":"J\u00f3t\u00e1ll\u00e1si inform\u00e1ci\u00f3"},"content":{"rendered":"<div class=\"wpb-content-wrapper\"><p>[vc_section][vc_row][vc_column][vc_column_text]<\/p>\n<table dir=\"ltr\" style=\"height: 718px;\" border=\"1\" width=\"594\" cellspacing=\"0\" cellpadding=\"0\">\n<colgroup>\n<col width=\"189\" \/>\n<col width=\"355\" \/>\n<col width=\"28\" \/>\n<col width=\"78\" \/><\/colgroup>\n<tbody>\n<tr>\n<td colspan=\"3\" rowspan=\"1\" data-sheets-value=\"{&quot;1&quot;:2,&quot;2&quot;:&quot;K\u00fcls\u0151 merevlemez-meghajt\u00f3k&quot;}\"><span style=\"text-decoration: underline;\">K\u00fcls\u0151 merevlemez-meghajt\u00f3k<\/span><\/p>\n<p>&nbsp;<\/td>\n<td><\/td>\n<\/tr>\n<tr>\n<td data-sheets-value=\"{&quot;1&quot;:2,&quot;2&quot;:&quot;Term\u00e9kn\u00e9v&quot;}\"><span style=\"text-decoration: underline;\">Term\u00e9kn\u00e9v<\/span><\/td>\n<td data-sheets-value=\"{&quot;1&quot;:2,&quot;2&quot;:&quot;A k\u00f6vetkez\u0151 kezdet\u0171 t\u00edpusmegjel\u00f6l\u00e9sek:&quot;}\"><span style=\"text-decoration: underline;\">A k\u00f6vetkez\u0151 kezdet\u0171 t\u00edpusmegjel\u00f6l\u00e9sek:<\/span><\/td>\n<td colspan=\"2\" rowspan=\"1\" data-sheets-value=\"{&quot;1&quot;:2,&quot;2&quot;:&quot;A j\u00f3t\u00e1ll\u00e1s id\u0151tartama&quot;}\"><span style=\"text-decoration: underline;\">A j\u00f3t\u00e1ll\u00e1s id\u0151tartama<\/span><\/td>\n<\/tr>\n<tr>\n<td data-sheets-value=\"{&quot;1&quot;:2,&quot;2&quot;:&quot;Canvio Basics \/\\nCanvio Basics USB-C\u00ae&quot;}\">Canvio Basics \/<br \/>\nCanvio Basics USB-C\u00ae<\/td>\n<td data-sheets-value=\"{&quot;1&quot;:2,&quot;2&quot;:&quot;HDTB3, HDTB4&quot;}\">HDTB3, HDTB4<\/td>\n<td data-sheets-value=\"{&quot;1&quot;:3,&quot;3&quot;:2}\">2<\/td>\n<td data-sheets-value=\"{&quot;1&quot;:2,&quot;2&quot;:&quot;\u00e9v&quot;}\">\u00e9v<\/td>\n<\/tr>\n<tr>\n<td data-sheets-value=\"{&quot;1&quot;:2,&quot;2&quot;:&quot;Canvio Basics \/\\nCanvio Basics USB-C\u00ae&quot;}\">Canvio Basics<\/td>\n<td data-sheets-value=\"{&quot;1&quot;:2,&quot;2&quot;:&quot;HDTB3, HDTB4&quot;}\">HDTB510EK3AA, HDTB520EK3AA, HDTB540EK3CA<\/td>\n<td data-sheets-value=\"{&quot;1&quot;:3,&quot;3&quot;:2}\">2<\/td>\n<td data-sheets-value=\"{&quot;1&quot;:2,&quot;2&quot;:&quot;\u00e9v&quot;}\">\u00e9v<\/td>\n<\/tr>\n<tr>\n<td data-sheets-value=\"{&quot;1&quot;:2,&quot;2&quot;:&quot;Canvio Basics \/\\nCanvio Basics USB-C\u00ae&quot;}\">Canvio Partner<\/td>\n<td data-sheets-value=\"{&quot;1&quot;:2,&quot;2&quot;:&quot;HDTB3, HDTB4&quot;}\">HDTB510EK3AB, HDTB520EK3AB, HDTB540EK3CB,<\/td>\n<td data-sheets-value=\"{&quot;1&quot;:3,&quot;3&quot;:2}\">2<\/td>\n<td data-sheets-value=\"{&quot;1&quot;:2,&quot;2&quot;:&quot;\u00e9v&quot;}\">\u00e9v<\/td>\n<\/tr>\n<tr>\n<td data-sheets-value=\"{&quot;1&quot;:2,&quot;2&quot;:&quot;Canvio Ready&quot;}\">Canvio Ready<\/td>\n<td data-sheets-value=\"{&quot;1&quot;:2,&quot;2&quot;:&quot;HDTP2, HDTP3&quot;}\">HDTP2, HDTP3<\/td>\n<td data-sheets-value=\"{&quot;1&quot;:3,&quot;3&quot;:2}\">2<\/td>\n<td data-sheets-value=\"{&quot;1&quot;:2,&quot;2&quot;:&quot;\u00e9v&quot;}\">\u00e9v<\/td>\n<\/tr>\n<tr>\n<td data-sheets-value=\"{&quot;1&quot;:2,&quot;2&quot;:&quot;Canvio Advance&quot;}\">Canvio Advance<\/td>\n<td data-sheets-value=\"{&quot;1&quot;:2,&quot;2&quot;:&quot;HDTC9, HDTCA&quot;}\">HDTC9, HDTCA<\/td>\n<td data-sheets-value=\"{&quot;1&quot;:3,&quot;3&quot;:2}\">2<\/td>\n<td data-sheets-value=\"{&quot;1&quot;:2,&quot;2&quot;:&quot;\u00e9v&quot;}\">\u00e9v<\/td>\n<\/tr>\n<tr>\n<td data-sheets-value=\"{&quot;1&quot;:2,&quot;2&quot;:&quot;Canvio Alu&quot;}\">Canvio Alu<\/td>\n<td data-sheets-value=\"{&quot;1&quot;:2,&quot;2&quot;:&quot;HDTH3&quot;}\">HDTH3<\/td>\n<td data-sheets-value=\"{&quot;1&quot;:3,&quot;3&quot;:2}\">2<\/td>\n<td data-sheets-value=\"{&quot;1&quot;:2,&quot;2&quot;:&quot;\u00e9v&quot;}\">\u00e9v<\/td>\n<\/tr>\n<tr>\n<td data-sheets-value=\"{&quot;1&quot;:2,&quot;2&quot;:&quot;Canvio Slim&quot;}\">Canvio Slim<\/td>\n<td data-sheets-value=\"{&quot;1&quot;:2,&quot;2&quot;:&quot;HDTD3&quot;}\">HDTD3<\/td>\n<td data-sheets-value=\"{&quot;1&quot;:3,&quot;3&quot;:3}\">3<\/td>\n<td data-sheets-value=\"{&quot;1&quot;:2,&quot;2&quot;:&quot;\u00e9v&quot;}\">\u00e9v<\/td>\n<\/tr>\n<tr>\n<td data-sheets-value=\"{&quot;1&quot;:2,&quot;2&quot;:&quot;Canvio Premium&quot;}\">Canvio Premium<\/td>\n<td data-sheets-value=\"{&quot;1&quot;:2,&quot;2&quot;:&quot;HDTW2&quot;}\">HDTW2<\/td>\n<td data-sheets-value=\"{&quot;1&quot;:3,&quot;3&quot;:3}\">3<\/td>\n<td data-sheets-value=\"{&quot;1&quot;:2,&quot;2&quot;:&quot;\u00e9v&quot;}\">\u00e9v<\/td>\n<\/tr>\n<tr>\n<td data-sheets-value=\"{&quot;1&quot;:2,&quot;2&quot;:&quot;Canvio Flex&quot;}\">Canvio Flex<\/td>\n<td data-sheets-value=\"{&quot;1&quot;:2,&quot;2&quot;:&quot;HDTX140ES, HDTX120ES, HDTX110ES&quot;}\">HDTX140ES, HDTX120ES, HDTX110ES<\/td>\n<td data-sheets-value=\"{&quot;1&quot;:3,&quot;3&quot;:3}\">3<\/td>\n<td data-sheets-value=\"{&quot;1&quot;:2,&quot;2&quot;:&quot;\u00e9v&quot;}\">\u00e9v<\/td>\n<\/tr>\n<tr>\n<td data-sheets-value=\"{&quot;1&quot;:2,&quot;2&quot;:&quot;Canvio Flex Exclusive&quot;}\">Canvio Flex Exclusive<\/td>\n<td data-sheets-value=\"{&quot;1&quot;:2,&quot;2&quot;:&quot;HDTX110MS, HDTX120MS, HDTX140MS&quot;}\">HDTX110MS, HDTX120MS, HDTX140MS<\/td>\n<td data-sheets-value=\"{&quot;1&quot;:3,&quot;3&quot;:4}\">4<\/td>\n<td data-sheets-value=\"{&quot;1&quot;:2,&quot;2&quot;:&quot;\u00e9v&quot;}\">\u00e9v<\/td>\n<\/tr>\n<tr>\n<td data-sheets-value=\"{&quot;1&quot;:2,&quot;2&quot;:&quot;Canvio Gaming&quot;}\">Canvio Gaming<\/td>\n<td data-sheets-value=\"{&quot;1&quot;:2,&quot;2&quot;:&quot;HDTX140EK, HDTX120EK, HDTX110EK&quot;}\">HDTX140EK, HDTX120EK, HDTX110EK<\/td>\n<td data-sheets-value=\"{&quot;1&quot;:3,&quot;3&quot;:2}\">2<\/td>\n<td data-sheets-value=\"{&quot;1&quot;:2,&quot;2&quot;:&quot;\u00e9v&quot;}\">\u00e9v<\/td>\n<\/tr>\n<tr>\n<td data-sheets-value=\"{&quot;1&quot;:2,&quot;2&quot;:&quot;Canvio Basics Exclusive&quot;}\">Canvio Basics Exclusive<\/td>\n<td data-sheets-value=\"{&quot;1&quot;:2,&quot;2&quot;:&quot;HDTB405MK, HDTB410MK, HDTB420MK, HDTB440MK&quot;}\">HDTB405MK, HDTB410MK, HDTB420MK, HDTB440MK<\/td>\n<td data-sheets-value=\"{&quot;1&quot;:3,&quot;3&quot;:3}\">3<\/td>\n<td data-sheets-value=\"{&quot;1&quot;:2,&quot;2&quot;:&quot;\u00e9v&quot;}\">\u00e9v<\/td>\n<\/tr>\n<tr>\n<td data-sheets-value=\"{&quot;1&quot;:2,&quot;2&quot;:&quot;Canvio for Desktop&quot;}\">Canvio Basics Exclusive<\/td>\n<td data-sheets-value=\"{&quot;1&quot;:2,&quot;2&quot;:&quot;HDTC3&quot;}\">HDTB510MK, HDTB520MK, HDTB540MK<\/td>\n<td data-sheets-value=\"{&quot;1&quot;:3,&quot;3&quot;:2}\">4<\/td>\n<td data-sheets-value=\"{&quot;1&quot;:2,&quot;2&quot;:&quot;\u00e9v&quot;}\">\u00e9v<\/td>\n<\/tr>\n<tr>\n<td data-sheets-value=\"{&quot;1&quot;:2,&quot;2&quot;:&quot;Canvio for Desktop&quot;}\">Canvio for Desktop<\/td>\n<td data-sheets-value=\"{&quot;1&quot;:2,&quot;2&quot;:&quot;HDTC3&quot;}\">HDTC3<\/td>\n<td data-sheets-value=\"{&quot;1&quot;:3,&quot;3&quot;:2}\">2<\/td>\n<td data-sheets-value=\"{&quot;1&quot;:2,&quot;2&quot;:&quot;\u00e9v&quot;}\">\u00e9v<\/td>\n<\/tr>\n<\/tbody>\n<\/table>\n<p>[\/vc_column_text][vc_separator][\/vc_column][\/vc_row][vc_row][vc_column][vc_column_text]<\/p>\n<table dir=\"ltr\" style=\"height: 512px;\" border=\"1\" width=\"533\" cellspacing=\"0\" cellpadding=\"0\">\n<colgroup>\n<col width=\"131\" \/>\n<col width=\"206\" \/>\n<col width=\"26\" \/>\n<col width=\"47\" \/>\n<col width=\"25\" \/>\n<col width=\"53\" \/><\/colgroup>\n<tbody>\n<tr>\n<td colspan=\"4\" rowspan=\"1\" data-sheets-value=\"{&quot;1&quot;:2,&quot;2&quot;:&quot;Bels\u0151 merevlemez-meghajt\u00f3k&quot;}\"><span style=\"text-decoration: underline;\">Bels\u0151 merevlemez-meghajt\u00f3k<\/span><\/p>\n<p>&nbsp;<\/td>\n<td><\/td>\n<td><\/td>\n<\/tr>\n<tr>\n<td data-sheets-value=\"{&quot;1&quot;:2,&quot;2&quot;:&quot;Term\u00e9kn\u00e9v&quot;}\"><span style=\"text-decoration: underline;\">Term\u00e9kn\u00e9v<\/span><\/td>\n<td data-sheets-value=\"{&quot;1&quot;:2,&quot;2&quot;:&quot;A k\u00f6vetkez\u0151 kezdet\u0171 t\u00edpusmegjel\u00f6l\u00e9sek:&quot;}\"><span style=\"text-decoration: underline;\">A k\u00f6vetkez\u0151 kezdet\u0171 t\u00edpusmegjel\u00f6l\u00e9sek:<\/span><\/td>\n<td colspan=\"4\" rowspan=\"1\" data-sheets-value=\"{&quot;1&quot;:2,&quot;2&quot;:&quot;A j\u00f3t\u00e1ll\u00e1s id\u0151tartama&quot;}\"><span style=\"text-decoration: underline;\">A j\u00f3t\u00e1ll\u00e1s id\u0151tartama<\/span><\/td>\n<\/tr>\n<tr>\n<td><\/td>\n<td><\/td>\n<td colspan=\"2\" rowspan=\"1\" data-sheets-value=\"{&quot;1&quot;:2,&quot;2&quot;:&quot;Nagy t\u00e9telben t\u00f6rt\u00e9n\u0151 v\u00e1s\u00e1rl\u00e1s*&quot;}\"><span style=\"text-decoration: underline;\">Bulk<\/span><\/td>\n<td colspan=\"2\" rowspan=\"1\" data-sheets-value=\"{&quot;1&quot;:2,&quot;2&quot;:&quot;Kiskereskedelem&quot;}\"><span style=\"text-decoration: underline;\">Retail<\/span><\/td>\n<\/tr>\n<tr>\n<td data-sheets-value=\"{&quot;1&quot;:2,&quot;2&quot;:&quot;L200&quot;}\">L200<\/td>\n<td data-sheets-value=\"{&quot;1&quot;:2,&quot;2&quot;:&quot;HDWL, HDWJ, HDWK&quot;}\">HDWL, HDWJ<\/td>\n<td data-sheets-value=\"{&quot;1&quot;:3,&quot;3&quot;:2}\">2<\/td>\n<td data-sheets-value=\"{&quot;1&quot;:2,&quot;2&quot;:&quot;\u00e9v&quot;}\">\u00e9v<\/td>\n<td data-sheets-value=\"{&quot;1&quot;:3,&quot;3&quot;:2}\">2<\/td>\n<td data-sheets-value=\"{&quot;1&quot;:2,&quot;2&quot;:&quot;\u00e9v&quot;}\">\u00e9v<\/td>\n<\/tr>\n<tr>\n<td data-sheets-value=\"{&quot;1&quot;:2,&quot;2&quot;:&quot;P300&quot;}\">P300<\/td>\n<td data-sheets-value=\"{&quot;1&quot;:2,&quot;2&quot;:&quot;HDWD&quot;}\">HDWD<\/td>\n<td data-sheets-value=\"{&quot;1&quot;:3,&quot;3&quot;:2}\">2<\/td>\n<td data-sheets-value=\"{&quot;1&quot;:2,&quot;2&quot;:&quot;\u00e9v&quot;}\">\u00e9v<\/td>\n<td data-sheets-value=\"{&quot;1&quot;:3,&quot;3&quot;:2}\">2<\/td>\n<td data-sheets-value=\"{&quot;1&quot;:2,&quot;2&quot;:&quot;\u00e9v&quot;}\">\u00e9v<\/td>\n<\/tr>\n<tr>\n<td data-sheets-value=\"{&quot;1&quot;:2,&quot;2&quot;:&quot;X300&quot;}\">X300<\/td>\n<td data-sheets-value=\"{&quot;1&quot;:2,&quot;2&quot;:&quot;HDWE, HDWF, HDWR,&quot;}\">HDWE, HDWF, HDWR,<\/td>\n<td data-sheets-value=\"{&quot;1&quot;:3,&quot;3&quot;:2}\">2<\/td>\n<td data-sheets-value=\"{&quot;1&quot;:2,&quot;2&quot;:&quot;\u00e9v&quot;}\">\u00e9v<\/td>\n<td data-sheets-value=\"{&quot;1&quot;:3,&quot;3&quot;:2}\">2<\/td>\n<td data-sheets-value=\"{&quot;1&quot;:2,&quot;2&quot;:&quot;\u00e9v&quot;}\">\u00e9v<\/td>\n<\/tr>\n<tr>\n<td data-sheets-value=\"{&quot;1&quot;:2,&quot;2&quot;:&quot;N300&quot;}\">N300<\/td>\n<td data-sheets-value=\"{&quot;1&quot;:2,&quot;2&quot;:&quot;HDWQ, HDWN, HDWG&quot;}\">HDWQ, HDWN, HDWG<\/td>\n<td data-sheets-value=\"{&quot;1&quot;:3,&quot;3&quot;:3}\">3<\/td>\n<td data-sheets-value=\"{&quot;1&quot;:2,&quot;2&quot;:&quot;\u00e9v&quot;}\">\u00e9v<\/td>\n<td data-sheets-value=\"{&quot;1&quot;:3,&quot;3&quot;:3}\">3<\/td>\n<td data-sheets-value=\"{&quot;1&quot;:2,&quot;2&quot;:&quot;\u00e9v&quot;}\">\u00e9v<\/td>\n<\/tr>\n<tr>\n<td data-sheets-value=\"{&quot;1&quot;:2,&quot;2&quot;:&quot;V300&quot;}\">V300<\/td>\n<td data-sheets-value=\"{&quot;1&quot;:2,&quot;2&quot;:&quot;HDWU&quot;}\">HDWU<\/td>\n<td data-sheets-value=\"{&quot;1&quot;:3,&quot;3&quot;:2}\">2<\/td>\n<td data-sheets-value=\"{&quot;1&quot;:2,&quot;2&quot;:&quot;\u00e9v&quot;}\">\u00e9v<\/td>\n<td><\/td>\n<td><\/td>\n<\/tr>\n<tr>\n<td>S300 \/ S300 Pro<\/td>\n<td>HDWT, HDWV<\/td>\n<td>3<\/td>\n<td>\u00e9v<\/td>\n<td><\/td>\n<td><\/td>\n<\/tr>\n<tr>\n<td>MG Series<\/td>\n<td>MG<\/td>\n<td>5<\/td>\n<td>\u00e9v<\/td>\n<td><\/td>\n<td><\/td>\n<\/tr>\n<tr>\n<td>AL Series<\/td>\n<td>AL<\/td>\n<td>5<\/td>\n<td>\u00e9v<\/td>\n<td><\/td>\n<td><\/td>\n<\/tr>\n<\/tbody>\n<\/table>\n<p>[\/vc_column_text][\/vc_column][\/vc_row][vc_row][vc_column][vc_column_text]<\/p>\n<p class=\"p1\"><span class=\"s1\">K\u00e9rj\u00fck, kattintson <\/span><a href=\"https:\/\/www.wwwtoshibastoragecom.psl.dev\/wp-content\/uploads\/2020\/10\/Toshiba_Storage_Warranty_Leaflet_2020.pdf\"><span class=\"s2\">ide<\/span><\/a><span class=\"s1\"> az \u00e1ltal\u00e1nos j\u00f3t\u00e1ll\u00e1si politik\u00e1val kapcsolatos tov\u00e1bbi inform\u00e1ci\u00f3k\u00e9rt.<\/span><\/p>\n<p>[\/vc_column_text][\/vc_column][\/vc_row][\/vc_section]<\/p>\n<\/div>","protected":false},"excerpt":{"rendered":"<p>[vc_section][vc_row][vc_column][vc_column_text] K\u00fcls\u0151 merevlemez-meghajt\u00f3k &nbsp; Term\u00e9kn\u00e9v A k\u00f6vetkez\u0151 kezdet\u0171 t\u00edpusmegjel\u00f6l\u00e9sek: A j\u00f3t\u00e1ll\u00e1s id\u0151tartama Canvio Basics \/ Canvio Basics USB-C\u00ae HDTB3, HDTB4 2 \u00e9v Canvio Basics HDTB510EK3AA, HDTB520EK3AA, HDTB540EK3CA 2 \u00e9v Canvio Partner HDTB510EK3AB, HDTB520EK3AB, HDTB540EK3CB, 2 \u00e9v Canvio Ready HDTP2, HDTP3 2 \u00e9v Canvio Advance HDTC9, HDTCA 2 \u00e9v Canvio Alu HDTH3 2 \u00e9v Canvio Slim &hellip;<\/p>\n","protected":false},"author":30,"featured_media":0,"parent":0,"menu_order":0,"comment_status":"closed","ping_status":"closed","template":"page-legal.php","meta":{"_acf_changed":false,"footnotes":""},"class_list":["post-34251","page","type-page","status-publish","hentry"],"acf":[],"yoast_head":"<!-- This site is optimized with the Yoast SEO Premium plugin v27.3 (Yoast SEO v27.3) - https:\/\/yoast.com\/product\/yoast-seo-premium-wordpress\/ -->\n<title>J\u00f3t\u00e1ll\u00e1si inform\u00e1ci\u00f3 - EMEA<\/title>\n<meta name=\"robots\" content=\"index, follow, max-snippet:-1, max-image-preview:large, max-video-preview:-1\" \/>\n<link rel=\"canonical\" href=\"https:\/\/www.wwwtoshibastoragecom.psl.dev\/hu\/warranty-information\/\" \/>\n<meta property=\"og:locale\" content=\"hu_HU\" \/>\n<meta property=\"og:type\" content=\"article\" \/>\n<meta property=\"og:title\" content=\"J\u00f3t\u00e1ll\u00e1si inform\u00e1ci\u00f3\" \/>\n<meta property=\"og:description\" content=\"[vc_section][vc_row][vc_column][vc_column_text] K\u00fcls\u0151 merevlemez-meghajt\u00f3k &nbsp; Term\u00e9kn\u00e9v A k\u00f6vetkez\u0151 kezdet\u0171 t\u00edpusmegjel\u00f6l\u00e9sek: A j\u00f3t\u00e1ll\u00e1s id\u0151tartama Canvio Basics \/ Canvio Basics USB-C\u00ae HDTB3, HDTB4 2 \u00e9v Canvio Basics HDTB510EK3AA, HDTB520EK3AA, HDTB540EK3CA 2 \u00e9v Canvio Partner HDTB510EK3AB, HDTB520EK3AB, HDTB540EK3CB, 2 \u00e9v Canvio Ready HDTP2, HDTP3 2 \u00e9v Canvio Advance HDTC9, HDTCA 2 \u00e9v Canvio Alu HDTH3 2 \u00e9v Canvio Slim &hellip;\" \/>\n<meta property=\"og:url\" content=\"https:\/\/www.wwwtoshibastoragecom.psl.dev\/hu\/warranty-information\/\" \/>\n<meta property=\"og:site_name\" content=\"EMEA\" \/>\n<meta property=\"article:publisher\" content=\"https:\/\/www.facebook.com\/ToshibaStorageEU\/\" \/>\n<meta property=\"article:modified_time\" content=\"2023-05-16T11:37:40+00:00\" \/>\n<meta name=\"twitter:card\" content=\"summary_large_image\" \/>\n<meta name=\"twitter:label1\" content=\"Est. reading time\" \/>\n\t<meta name=\"twitter:data1\" content=\"1 minute\" \/>\n<script type=\"application\/ld+json\" class=\"yoast-schema-graph\">{\"@context\":\"https:\\\/\\\/schema.org\",\"@graph\":[{\"@type\":\"WebPage\",\"@id\":\"https:\\\/\\\/www.wwwtoshibastoragecom.psl.dev\\\/hu\\\/warranty-information\\\/\",\"url\":\"https:\\\/\\\/www.wwwtoshibastoragecom.psl.dev\\\/hu\\\/warranty-information\\\/\",\"name\":\"J\u00f3t\u00e1ll\u00e1si inform\u00e1ci\u00f3 - EMEA\",\"isPartOf\":{\"@id\":\"https:\\\/\\\/toshibastorage.local\\\/#website\"},\"datePublished\":\"2020-06-10T13:10:01+00:00\",\"dateModified\":\"2023-05-16T11:37:40+00:00\",\"inLanguage\":\"hu-HU\",\"potentialAction\":[{\"@type\":\"ReadAction\",\"target\":[\"https:\\\/\\\/www.wwwtoshibastoragecom.psl.dev\\\/hu\\\/warranty-information\\\/\"]}]},{\"@type\":\"WebSite\",\"@id\":\"https:\\\/\\\/toshibastorage.local\\\/#website\",\"url\":\"https:\\\/\\\/toshibastorage.local\\\/\",\"name\":\"Toshiba Storage Solutions \u2013 EMEA Region\",\"description\":\"Toshiba in Europe and Middle East Asia provides reliable and innovative storage solutions and internal and external HDDs \u2013for Laptops, PC, NAS, Surveillance and Enterprise.\",\"publisher\":{\"@id\":\"https:\\\/\\\/toshibastorage.local\\\/#organization\"},\"potentialAction\":[{\"@type\":\"SearchAction\",\"target\":{\"@type\":\"EntryPoint\",\"urlTemplate\":\"https:\\\/\\\/toshibastorage.local\\\/?s={search_term_string}\"},\"query-input\":{\"@type\":\"PropertyValueSpecification\",\"valueRequired\":true,\"valueName\":\"search_term_string\"}}],\"inLanguage\":\"hu-HU\"},{\"@type\":\"Organization\",\"@id\":\"https:\\\/\\\/toshibastorage.local\\\/#organization\",\"name\":\"Toshiba Electronics Europe GmbH\",\"url\":\"https:\\\/\\\/toshibastorage.local\\\/\",\"logo\":{\"@type\":\"ImageObject\",\"inLanguage\":\"hu-HU\",\"@id\":\"https:\\\/\\\/toshibastorage.local\\\/#\\\/schema\\\/logo\\\/image\\\/\",\"url\":\"https:\\\/\\\/www.wwwtoshibastoragecom.psl.dev\\\/wp-content\\\/uploads\\\/2024\\\/02\\\/toshiba-logo.png\",\"contentUrl\":\"https:\\\/\\\/www.wwwtoshibastoragecom.psl.dev\\\/wp-content\\\/uploads\\\/2024\\\/02\\\/toshiba-logo.png\",\"width\":263,\"height\":40,\"caption\":\"Toshiba Electronics Europe GmbH\"},\"image\":{\"@id\":\"https:\\\/\\\/toshibastorage.local\\\/#\\\/schema\\\/logo\\\/image\\\/\"},\"sameAs\":[\"https:\\\/\\\/www.facebook.com\\\/ToshibaStorageEU\\\/\",\"https:\\\/\\\/www.linkedin.com\\\/company\\\/toshiba-electronics-europe-gmbh\\\/?originalSubdomain=de\",\"https:\\\/\\\/www.youtube.com\\\/user\\\/ToshibaElectronics1\"]}]}<\/script>\n<!-- \/ Yoast SEO Premium plugin. -->","yoast_head_json":{"title":"J\u00f3t\u00e1ll\u00e1si inform\u00e1ci\u00f3 - EMEA","robots":{"index":"index","follow":"follow","max-snippet":"max-snippet:-1","max-image-preview":"max-image-preview:large","max-video-preview":"max-video-preview:-1"},"canonical":"https:\/\/www.wwwtoshibastoragecom.psl.dev\/hu\/warranty-information\/","og_locale":"hu_HU","og_type":"article","og_title":"J\u00f3t\u00e1ll\u00e1si inform\u00e1ci\u00f3","og_description":"[vc_section][vc_row][vc_column][vc_column_text] K\u00fcls\u0151 merevlemez-meghajt\u00f3k &nbsp; Term\u00e9kn\u00e9v A k\u00f6vetkez\u0151 kezdet\u0171 t\u00edpusmegjel\u00f6l\u00e9sek: A j\u00f3t\u00e1ll\u00e1s id\u0151tartama Canvio Basics \/ Canvio Basics USB-C\u00ae HDTB3, HDTB4 2 \u00e9v Canvio Basics HDTB510EK3AA, HDTB520EK3AA, HDTB540EK3CA 2 \u00e9v Canvio Partner HDTB510EK3AB, HDTB520EK3AB, HDTB540EK3CB, 2 \u00e9v Canvio Ready HDTP2, HDTP3 2 \u00e9v Canvio Advance HDTC9, HDTCA 2 \u00e9v Canvio Alu HDTH3 2 \u00e9v Canvio Slim &hellip;","og_url":"https:\/\/www.wwwtoshibastoragecom.psl.dev\/hu\/warranty-information\/","og_site_name":"EMEA","article_publisher":"https:\/\/www.facebook.com\/ToshibaStorageEU\/","article_modified_time":"2023-05-16T11:37:40+00:00","twitter_card":"summary_large_image","twitter_misc":{"Est. reading time":"1 minute"},"schema":{"@context":"https:\/\/schema.org","@graph":[{"@type":"WebPage","@id":"https:\/\/www.wwwtoshibastoragecom.psl.dev\/hu\/warranty-information\/","url":"https:\/\/www.wwwtoshibastoragecom.psl.dev\/hu\/warranty-information\/","name":"J\u00f3t\u00e1ll\u00e1si inform\u00e1ci\u00f3 - EMEA","isPartOf":{"@id":"https:\/\/toshibastorage.local\/#website"},"datePublished":"2020-06-10T13:10:01+00:00","dateModified":"2023-05-16T11:37:40+00:00","inLanguage":"hu-HU","potentialAction":[{"@type":"ReadAction","target":["https:\/\/www.wwwtoshibastoragecom.psl.dev\/hu\/warranty-information\/"]}]},{"@type":"WebSite","@id":"https:\/\/toshibastorage.local\/#website","url":"https:\/\/toshibastorage.local\/","name":"Toshiba Storage Solutions \u2013 EMEA Region","description":"Toshiba in Europe and Middle East Asia provides reliable and innovative storage solutions and internal and external HDDs \u2013for Laptops, PC, NAS, Surveillance and Enterprise.","publisher":{"@id":"https:\/\/toshibastorage.local\/#organization"},"potentialAction":[{"@type":"SearchAction","target":{"@type":"EntryPoint","urlTemplate":"https:\/\/toshibastorage.local\/?s={search_term_string}"},"query-input":{"@type":"PropertyValueSpecification","valueRequired":true,"valueName":"search_term_string"}}],"inLanguage":"hu-HU"},{"@type":"Organization","@id":"https:\/\/toshibastorage.local\/#organization","name":"Toshiba Electronics Europe GmbH","url":"https:\/\/toshibastorage.local\/","logo":{"@type":"ImageObject","inLanguage":"hu-HU","@id":"https:\/\/toshibastorage.local\/#\/schema\/logo\/image\/","url":"https:\/\/www.wwwtoshibastoragecom.psl.dev\/wp-content\/uploads\/2024\/02\/toshiba-logo.png","contentUrl":"https:\/\/www.wwwtoshibastoragecom.psl.dev\/wp-content\/uploads\/2024\/02\/toshiba-logo.png","width":263,"height":40,"caption":"Toshiba Electronics Europe GmbH"},"image":{"@id":"https:\/\/toshibastorage.local\/#\/schema\/logo\/image\/"},"sameAs":["https:\/\/www.facebook.com\/ToshibaStorageEU\/","https:\/\/www.linkedin.com\/company\/toshiba-electronics-europe-gmbh\/?originalSubdomain=de","https:\/\/www.youtube.com\/user\/ToshibaElectronics1"]}]}},"_links":{"self":[{"href":"https:\/\/www.wwwtoshibastoragecom.psl.dev\/hu\/wp-json\/wp\/v2\/pages\/34251","targetHints":{"allow":["GET"]}}],"collection":[{"href":"https:\/\/www.wwwtoshibastoragecom.psl.dev\/hu\/wp-json\/wp\/v2\/pages"}],"about":[{"href":"https:\/\/www.wwwtoshibastoragecom.psl.dev\/hu\/wp-json\/wp\/v2\/types\/page"}],"author":[{"embeddable":true,"href":"https:\/\/www.wwwtoshibastoragecom.psl.dev\/hu\/wp-json\/wp\/v2\/users\/30"}],"replies":[{"embeddable":true,"href":"https:\/\/www.wwwtoshibastoragecom.psl.dev\/hu\/wp-json\/wp\/v2\/comments?post=34251"}],"version-history":[{"count":0,"href":"https:\/\/www.wwwtoshibastoragecom.psl.dev\/hu\/wp-json\/wp\/v2\/pages\/34251\/revisions"}],"wp:attachment":[{"href":"https:\/\/www.wwwtoshibastoragecom.psl.dev\/hu\/wp-json\/wp\/v2\/media?parent=34251"}],"curies":[{"name":"wp","href":"https:\/\/api.w.org\/{rel}","templated":true}]}}