{"id":49459,"date":"2021-08-10T23:20:53","date_gmt":"2021-08-10T21:20:53","guid":{"rendered":"https:\/\/www.wwwtoshibastoragecom.psl.dev\/surveillance-solutions\/"},"modified":"2022-09-26T14:55:11","modified_gmt":"2022-09-26T12:55:11","slug":"surveillance-solutions","status":"publish","type":"page","link":"https:\/\/www.wwwtoshibastoragecom.psl.dev\/es\/surveillance-solutions\/","title":{"rendered":"Soluciones de vigilancia"},"content":{"rendered":"<div class=\"wpb-content-wrapper\"><p>[vc_row][vc_column][toshiba_text_block]<\/p>\n<h1 class=\"p1\" style=\"text-align: center;\"><strong>Soluciones de vigilancia de Toshiba<\/strong><\/h1>\n<p class=\"p1\">En cumplimiento exhaustivo de los requisitos del mercado de almacenamiento de vigilancia actual, la creciente gama de unidades HDD de vigilancia de Toshiba se orienta a la demanda, cada vez mayor, de peque\u00f1as y medianas empresas, profesionales y p\u00fablico, y macrodatos y an\u00e1lisis. Optimizada para grabadoras de red de v\u00eddeo (NVR), grabadoras digitales de v\u00eddeo (DVR) o almacenamiento final centralizado.<\/p>\n<p>[\/toshiba_text_block][\/vc_column][\/vc_row][vc_row][vc_column width=&#8221;1\/3&#8243;][toshiba_product_teaser product=&#8221;Unidad de disco duro de videovigilancia S300 (41542)&#8221;][\/vc_column][vc_column width=&#8221;1\/3&#8243;][toshiba_product_teaser product=&#8221;S300 Pro Surveillance Hard Drive (36427)&#8221;][\/vc_column][vc_column width=&#8221;1\/3&#8243;][toshiba_product_teaser product=&#8221;Enterprise Capacity Hard Drive \u2013 MG Series (20616)&#8221;][\/vc_column][\/vc_row][vc_row][vc_column][toshiba_text_block]<\/p>\n<h2 class=\"p1\" style=\"text-align: center;\">\u00c1rea de aplicaciones<\/h2>\n<p class=\"p1\">Toshiba ofrece soluciones de almacenamiento de vigilancia dise\u00f1adas espec\u00edficamente y orientadas a los distintos requisitos de las \u00e1reas de aplicaciones del creciente mercado de vigilancia actual. Ofrecen un funcionamiento ininterrumpido estable y est\u00e1n optimizadas para las necesidades de las principales soluciones de DVR y NVR de vigilancia.<\/p>\n<p>[\/toshiba_text_block][\/vc_column][\/vc_row][vc_row][vc_column][toshiba_applications applications=&#8221;%5B%7B%22application%22%3A%22Comercial%20(47388)%22%7D%2C%7B%22application%22%3A%22Transporte%20(47410)%22%7D%2C%7B%22application%22%3A%22Entorno%20empresarial%20(47432)%22%7D%2C%7B%22application%22%3A%22Log%C3%ADstica%20(47523)%22%7D%2C%7B%22application%22%3A%22Gobierno%20y%20sector%20p%C3%BAblico%20(47454)%22%7D%2C%7B%22application%22%3A%22Finanzas%20(47366)%22%7D%2C%7B%22application%22%3A%22Hosteler%C3%ADa%20(47476)%22%7D%2C%7B%22application%22%3A%22Ciudad%20inteligente%20(47498)%22%7D%5D&#8221;][\/vc_column][\/vc_row][vc_row][vc_column][toshiba_text_block]<\/p>\n<h2 style=\"text-align: center;\">Product Comparison<\/h2>\n<p>[\/toshiba_text_block][\/vc_column][\/vc_row][vc_row][vc_column][toshiba_product_comparison comparison=&#8221;Surveillance Solution (47342)&#8221;][\/vc_column][\/vc_row]<\/p>\n<\/div>","protected":false},"excerpt":{"rendered":"<p>[vc_row][vc_column][toshiba_text_block] Soluciones de vigilancia de Toshiba En cumplimiento exhaustivo de los requisitos del mercado de almacenamiento de vigilancia actual, la creciente gama de unidades HDD de vigilancia de Toshiba se orienta a la demanda, cada vez mayor, de peque\u00f1as y medianas empresas, profesionales y p\u00fablico, y macrodatos y an\u00e1lisis. Optimizada para grabadoras de red de &hellip;<\/p>\n","protected":false},"author":1,"featured_media":0,"parent":0,"menu_order":0,"comment_status":"closed","ping_status":"closed","template":"page-content-wide.php","meta":{"_acf_changed":false,"footnotes":""},"class_list":["post-49459","page","type-page","status-publish","hentry"],"acf":[],"yoast_head":"<!-- This site is optimized with the Yoast SEO Premium plugin v27.3 (Yoast SEO v27.3) - https:\/\/yoast.com\/product\/yoast-seo-premium-wordpress\/ -->\n<title>Soluciones de vigilancia - EMEA<\/title>\n<meta name=\"robots\" content=\"index, follow, max-snippet:-1, max-image-preview:large, max-video-preview:-1\" \/>\n<link rel=\"canonical\" href=\"https:\/\/www.wwwtoshibastoragecom.psl.dev\/es\/surveillance-solutions\/\" \/>\n<meta property=\"og:locale\" content=\"es_ES\" \/>\n<meta property=\"og:type\" content=\"article\" \/>\n<meta property=\"og:title\" content=\"Soluciones de vigilancia\" \/>\n<meta property=\"og:description\" content=\"[vc_row][vc_column][toshiba_text_block] Soluciones de vigilancia de Toshiba En cumplimiento exhaustivo de los requisitos del mercado de almacenamiento de vigilancia actual, la creciente gama de unidades HDD de vigilancia de Toshiba se orienta a la demanda, cada vez mayor, de peque\u00f1as y medianas empresas, profesionales y p\u00fablico, y macrodatos y an\u00e1lisis. Optimizada para grabadoras de red de &hellip;\" \/>\n<meta property=\"og:url\" content=\"https:\/\/www.wwwtoshibastoragecom.psl.dev\/es\/surveillance-solutions\/\" \/>\n<meta property=\"og:site_name\" content=\"EMEA\" \/>\n<meta property=\"article:publisher\" content=\"https:\/\/www.facebook.com\/ToshibaStorageEU\/\" \/>\n<meta property=\"article:modified_time\" content=\"2022-09-26T12:55:11+00:00\" \/>\n<meta name=\"twitter:card\" content=\"summary_large_image\" \/>\n<meta name=\"twitter:label1\" content=\"Est. reading time\" \/>\n\t<meta name=\"twitter:data1\" content=\"2 minutes\" \/>\n<script type=\"application\/ld+json\" class=\"yoast-schema-graph\">{\"@context\":\"https:\\\/\\\/schema.org\",\"@graph\":[{\"@type\":\"WebPage\",\"@id\":\"https:\\\/\\\/www.wwwtoshibastoragecom.psl.dev\\\/es\\\/surveillance-solutions\\\/\",\"url\":\"https:\\\/\\\/www.wwwtoshibastoragecom.psl.dev\\\/es\\\/surveillance-solutions\\\/\",\"name\":\"Soluciones de vigilancia - EMEA\",\"isPartOf\":{\"@id\":\"https:\\\/\\\/toshibastorage.local\\\/#website\"},\"datePublished\":\"2021-08-10T21:20:53+00:00\",\"dateModified\":\"2022-09-26T12:55:11+00:00\",\"inLanguage\":\"es-ES\",\"potentialAction\":[{\"@type\":\"ReadAction\",\"target\":[\"https:\\\/\\\/www.wwwtoshibastoragecom.psl.dev\\\/es\\\/surveillance-solutions\\\/\"]}]},{\"@type\":\"WebSite\",\"@id\":\"https:\\\/\\\/toshibastorage.local\\\/#website\",\"url\":\"https:\\\/\\\/toshibastorage.local\\\/\",\"name\":\"Toshiba Storage Solutions \u2013 EMEA Region\",\"description\":\"Toshiba in Europe and Middle East Asia provides reliable and innovative storage solutions and internal and external HDDs \u2013for Laptops, PC, NAS, Surveillance and Enterprise.\",\"publisher\":{\"@id\":\"https:\\\/\\\/toshibastorage.local\\\/#organization\"},\"potentialAction\":[{\"@type\":\"SearchAction\",\"target\":{\"@type\":\"EntryPoint\",\"urlTemplate\":\"https:\\\/\\\/toshibastorage.local\\\/?s={search_term_string}\"},\"query-input\":{\"@type\":\"PropertyValueSpecification\",\"valueRequired\":true,\"valueName\":\"search_term_string\"}}],\"inLanguage\":\"es-ES\"},{\"@type\":\"Organization\",\"@id\":\"https:\\\/\\\/toshibastorage.local\\\/#organization\",\"name\":\"Toshiba Electronics Europe GmbH\",\"url\":\"https:\\\/\\\/toshibastorage.local\\\/\",\"logo\":{\"@type\":\"ImageObject\",\"inLanguage\":\"es-ES\",\"@id\":\"https:\\\/\\\/toshibastorage.local\\\/#\\\/schema\\\/logo\\\/image\\\/\",\"url\":\"https:\\\/\\\/www.wwwtoshibastoragecom.psl.dev\\\/wp-content\\\/uploads\\\/2024\\\/02\\\/toshiba-logo.png\",\"contentUrl\":\"https:\\\/\\\/www.wwwtoshibastoragecom.psl.dev\\\/wp-content\\\/uploads\\\/2024\\\/02\\\/toshiba-logo.png\",\"width\":263,\"height\":40,\"caption\":\"Toshiba Electronics Europe GmbH\"},\"image\":{\"@id\":\"https:\\\/\\\/toshibastorage.local\\\/#\\\/schema\\\/logo\\\/image\\\/\"},\"sameAs\":[\"https:\\\/\\\/www.facebook.com\\\/ToshibaStorageEU\\\/\",\"https:\\\/\\\/www.linkedin.com\\\/company\\\/toshiba-electronics-europe-gmbh\\\/?originalSubdomain=de\",\"https:\\\/\\\/www.youtube.com\\\/user\\\/ToshibaElectronics1\"]}]}<\/script>\n<!-- \/ Yoast SEO Premium plugin. -->","yoast_head_json":{"title":"Soluciones de vigilancia - EMEA","robots":{"index":"index","follow":"follow","max-snippet":"max-snippet:-1","max-image-preview":"max-image-preview:large","max-video-preview":"max-video-preview:-1"},"canonical":"https:\/\/www.wwwtoshibastoragecom.psl.dev\/es\/surveillance-solutions\/","og_locale":"es_ES","og_type":"article","og_title":"Soluciones de vigilancia","og_description":"[vc_row][vc_column][toshiba_text_block] Soluciones de vigilancia de Toshiba En cumplimiento exhaustivo de los requisitos del mercado de almacenamiento de vigilancia actual, la creciente gama de unidades HDD de vigilancia de Toshiba se orienta a la demanda, cada vez mayor, de peque\u00f1as y medianas empresas, profesionales y p\u00fablico, y macrodatos y an\u00e1lisis. Optimizada para grabadoras de red de &hellip;","og_url":"https:\/\/www.wwwtoshibastoragecom.psl.dev\/es\/surveillance-solutions\/","og_site_name":"EMEA","article_publisher":"https:\/\/www.facebook.com\/ToshibaStorageEU\/","article_modified_time":"2022-09-26T12:55:11+00:00","twitter_card":"summary_large_image","twitter_misc":{"Est. reading time":"2 minutes"},"schema":{"@context":"https:\/\/schema.org","@graph":[{"@type":"WebPage","@id":"https:\/\/www.wwwtoshibastoragecom.psl.dev\/es\/surveillance-solutions\/","url":"https:\/\/www.wwwtoshibastoragecom.psl.dev\/es\/surveillance-solutions\/","name":"Soluciones de vigilancia - EMEA","isPartOf":{"@id":"https:\/\/toshibastorage.local\/#website"},"datePublished":"2021-08-10T21:20:53+00:00","dateModified":"2022-09-26T12:55:11+00:00","inLanguage":"es-ES","potentialAction":[{"@type":"ReadAction","target":["https:\/\/www.wwwtoshibastoragecom.psl.dev\/es\/surveillance-solutions\/"]}]},{"@type":"WebSite","@id":"https:\/\/toshibastorage.local\/#website","url":"https:\/\/toshibastorage.local\/","name":"Toshiba Storage Solutions \u2013 EMEA Region","description":"Toshiba in Europe and Middle East Asia provides reliable and innovative storage solutions and internal and external HDDs \u2013for Laptops, PC, NAS, Surveillance and Enterprise.","publisher":{"@id":"https:\/\/toshibastorage.local\/#organization"},"potentialAction":[{"@type":"SearchAction","target":{"@type":"EntryPoint","urlTemplate":"https:\/\/toshibastorage.local\/?s={search_term_string}"},"query-input":{"@type":"PropertyValueSpecification","valueRequired":true,"valueName":"search_term_string"}}],"inLanguage":"es-ES"},{"@type":"Organization","@id":"https:\/\/toshibastorage.local\/#organization","name":"Toshiba Electronics Europe GmbH","url":"https:\/\/toshibastorage.local\/","logo":{"@type":"ImageObject","inLanguage":"es-ES","@id":"https:\/\/toshibastorage.local\/#\/schema\/logo\/image\/","url":"https:\/\/www.wwwtoshibastoragecom.psl.dev\/wp-content\/uploads\/2024\/02\/toshiba-logo.png","contentUrl":"https:\/\/www.wwwtoshibastoragecom.psl.dev\/wp-content\/uploads\/2024\/02\/toshiba-logo.png","width":263,"height":40,"caption":"Toshiba Electronics Europe GmbH"},"image":{"@id":"https:\/\/toshibastorage.local\/#\/schema\/logo\/image\/"},"sameAs":["https:\/\/www.facebook.com\/ToshibaStorageEU\/","https:\/\/www.linkedin.com\/company\/toshiba-electronics-europe-gmbh\/?originalSubdomain=de","https:\/\/www.youtube.com\/user\/ToshibaElectronics1"]}]}},"_links":{"self":[{"href":"https:\/\/www.wwwtoshibastoragecom.psl.dev\/es\/wp-json\/wp\/v2\/pages\/49459","targetHints":{"allow":["GET"]}}],"collection":[{"href":"https:\/\/www.wwwtoshibastoragecom.psl.dev\/es\/wp-json\/wp\/v2\/pages"}],"about":[{"href":"https:\/\/www.wwwtoshibastoragecom.psl.dev\/es\/wp-json\/wp\/v2\/types\/page"}],"author":[{"embeddable":true,"href":"https:\/\/www.wwwtoshibastoragecom.psl.dev\/es\/wp-json\/wp\/v2\/users\/1"}],"replies":[{"embeddable":true,"href":"https:\/\/www.wwwtoshibastoragecom.psl.dev\/es\/wp-json\/wp\/v2\/comments?post=49459"}],"version-history":[{"count":0,"href":"https:\/\/www.wwwtoshibastoragecom.psl.dev\/es\/wp-json\/wp\/v2\/pages\/49459\/revisions"}],"wp:attachment":[{"href":"https:\/\/www.wwwtoshibastoragecom.psl.dev\/es\/wp-json\/wp\/v2\/media?parent=49459"}],"curies":[{"name":"wp","href":"https:\/\/api.w.org\/{rel}","templated":true}]}}