{"id":41324,"date":"2020-06-30T15:44:09","date_gmt":"2020-06-30T13:44:09","guid":{"rendered":"https:\/\/toshibastoragecom-preview.preview.pslsrv.com\/data-recovery\/"},"modified":"2022-05-27T14:42:39","modified_gmt":"2022-05-27T12:42:39","slug":"data-recovery","status":"publish","type":"page","link":"https:\/\/www.wwwtoshibastoragecom.psl.dev\/de\/data-recovery\/","title":{"rendered":"Datenrettungsservice"},"content":{"rendered":"<div id=\"main\">\n<div id=\"mainInner\">\n<section id=\"cont\">\n<div class=\"contentTopServive\">\n<div id=\"main\">\n<div id=\"mainInner\">\n<section id=\"cont\">\n<div class=\"contentTopServive\">\n<div id=\"main\">\n<div id=\"mainInner\">\n<section id=\"cont\">\n<div class=\"contentTopServive\">\n<div id=\"main\">\n<div id=\"mainInner\">\n<section id=\"cont\">\n<div class=\"contentTopServive\">\n<p align=\"center\">\n<\/p><p class=\"has-large-font-size\" style=\"line-height:1.4; color: red;\" align=\"center\">M\u00f6chten Sie die Daten wiederherstellen, <br>die auf Ihrer Festplatte gespeichert waren und nun nicht mehr zug\u00e4nglich sind?<\/p>\n<p align=\"center\">\n<\/p><\/div>\n<\/section>\n<\/div>\n<\/div>\n<p align=\"center\">\n<\/p><div id=\"main\">\n<div id=\"mainInner\">\n<section id=\"cont\">\n<div class=\"contentTopServive\">\n<ul class=\"listCase\" style=\"font-size: 20px; text-align: center; max-width: 530px; margin-left: auto; margin-right: auto;\">\n<li style=\"text-align: left;\">Haben Sie alle gespeicherten Erinnerungen durch ein Computervirus verloren?<\/li>\n<li style=\"text-align: left;\">Haben Sie die Festplatte versehentlich neu formatiert*?<\/li>\n<li style=\"text-align: left;\">Haben Sie wichtige Dateien versehentlich gel\u00f6scht\/\u00fcberschrieben?<\/li>\n<li style=\"text-align: left;\">Haben Sie die Festplatte fallen lassen und k\u00f6nnen jetzt nicht mehr darauf zugreifen?<\/li>\n<\/ul><\/div>\n<p style=\"text-align: center; font-size: 15px;\">* Eine Festplatte l\u00e4sst sich auf zwei Arten formatieren: logisch und physisch. Beachten Sie bitte, dass der Inhalt einer physisch formatierten Festplatte vollst\u00e4ndig gel\u00f6scht wird und sich nicht wiederherstellen l\u00e4sst.<\/p>\n<p class=\"p1\" style=\"text-align: center; font-size: 20px;\">Geben Sie nicht gleich auf! Sie k\u00f6nnen ein externes Unternehmen mit der Datenrettung beauftragen. Zu Ihrer Information sind deshalb Links zu Anbietern von Datenwiederherstellung angegeben.<\/p>\n<div class=\"linkBlock\" align=\"center\"><span class=\"image\"> <img loading=\"lazy\" decoding=\"async\" class=\"size-full wp-image-34840 aligncenter\" src=\"https:\/\/www.wwwtoshibastoragecom.psl.dev\/wp-content\/uploads\/2020\/06\/20200630_Toshiba_Storage_Data_Recovery_Icon.gif\" alt=\"\" width=\"89\" height=\"96\"><\/span> &nbsp;<p><\/p>\n<div id=\"main\">\n<div id=\"mainInner\">\n<section id=\"cont\">\n<p style=\"text-align: center;\">Per Klick auf die nachfolgenden Logos stimmen Sie den jeweiligen Haftungsausschl\u00fcssen oben zu. Die folgenden Serviceprovider bieten Kunden mit Toshiba Festplatten rabattierte Datenrettungsservices.<\/p>\n<div>\n<table style=\"width: 100%;\">\n<tbody>\n<tr>\n<th style=\"text-align: center;\"><a href=\"https:\/\/www.wwwtoshibastoragecom.psl.dev\/link-ontrack\/\"><img loading=\"lazy\" decoding=\"async\" class=\"alignnone wp-image-39400 \" src=\"https:\/\/www.wwwtoshibastoragecom.psl.dev\/wp-content\/uploads\/2020\/09\/ontrack_c-300x71.png\" alt=\"\" width=\"232\" height=\"55\" srcset=\"https:\/\/www.wwwtoshibastoragecom.psl.dev\/wp-content\/uploads\/2020\/09\/ontrack_c-300x71.png 300w, https:\/\/www.wwwtoshibastoragecom.psl.dev\/wp-content\/uploads\/2020\/09\/ontrack_c-768x181.png 768w, https:\/\/www.wwwtoshibastoragecom.psl.dev\/wp-content\/uploads\/2020\/09\/ontrack_c-1024x241.png 1024w, https:\/\/www.wwwtoshibastoragecom.psl.dev\/wp-content\/uploads\/2020\/09\/ontrack_c.png 1785w\" sizes=\"auto, (max-width: 232px) 100vw, 232px\" \/><\/a><\/th>\n<th style=\"text-align: center;\"><a href=\"https:\/\/www.wwwtoshibastoragecom.psl.dev\/drivesavers\/\"><img loading=\"lazy\" decoding=\"async\" class=\"alignnone wp-image-39388 \" src=\"https:\/\/www.wwwtoshibastoragecom.psl.dev\/wp-content\/uploads\/2020\/09\/DR_DSLogo-300x300.png\" alt=\"\" width=\"156\" height=\"156\" srcset=\"https:\/\/www.wwwtoshibastoragecom.psl.dev\/wp-content\/uploads\/2020\/09\/DR_DSLogo-300x300.png 300w, https:\/\/www.wwwtoshibastoragecom.psl.dev\/wp-content\/uploads\/2020\/09\/DR_DSLogo-150x150.png 150w, https:\/\/www.wwwtoshibastoragecom.psl.dev\/wp-content\/uploads\/2020\/09\/DR_DSLogo-768x769.png 768w, https:\/\/www.wwwtoshibastoragecom.psl.dev\/wp-content\/uploads\/2020\/09\/DR_DSLogo-1024x1024.png 1024w, https:\/\/www.wwwtoshibastoragecom.psl.dev\/wp-content\/uploads\/2020\/09\/DR_DSLogo-450x450.png 450w, https:\/\/www.wwwtoshibastoragecom.psl.dev\/wp-content\/uploads\/2020\/09\/DR_DSLogo.png 1502w\" sizes=\"auto, (max-width: 156px) 100vw, 156px\" \/><\/a><\/th>\n<\/tr>\n<tr>\n<th style=\"text-align: center;\"><a href=\"https:\/\/www.wwwtoshibastoragecom.psl.dev\/link-ontrack\/\"><strong>Ontrack<\/strong><\/a>&nbsp; &nbsp; &nbsp; <a href=\"https:\/\/www.wwwtoshibastoragecom.psl.dev\/link-ontrack\/\">Hier klicken<\/a>,- Rabatt m\u00f6glich<\/th>\n<th style=\"text-align: center;\"><a href=\"https:\/\/www.wwwtoshibastoragecom.psl.dev\/drivesavers\/\"><strong>Drivesavers<\/strong><\/a>&nbsp; &nbsp; &nbsp; <a href=\"https:\/\/www.wwwtoshibastoragecom.psl.dev\/drivesavers\/\">Hier klicken<\/a>,- Rabatt m\u00f6glich<\/th>\n<\/tr>\n<\/tbody>\n<\/table>\n<\/div>\n<\/section>\n<\/div>\n<\/div>\n<\/div>\n<\/section>\n<\/div>\n<\/div><\/div><\/section><\/div><\/div><\/div><\/section><\/div><\/div><\/div><\/section><\/div><\/div>\n\n\n<p>&nbsp;<\/p>\n\n\n\n<p class=\"has-text-align-center has-large-font-size\">Haftungsausschluss<\/p>\n\n\n\n<p class=\"p1\">(a) Die Auswahl von einem der nachstehend aufgef\u00fchrten unabh\u00e4ngigen und externen Serviceanbieter (\u201eServiceanbieter\u201c) geschieht auf eigenes Risiko. Ihre Auswahl eines Datenrettungs-Serviceanbieters ist keinesfalls auf die nachstehend aufgef\u00fchrten beschr\u00e4nkt.<\/p>\n\n\n\n<p class=\"p1\">(b) Jegliche Vereinbarung mit einem Datenrettungs-Serviceanbieter gilt ausschlie\u00dflich zwischen Ihnen und dem Serviceanbieter. Toshiba Electronics Europe GmbH und seine verbundenen Gesellschaften (zusammen im Folgenden \u201eTOSHIBA\u201c) werden in keinem Fall Teil einer solchen Vereinbarung.<\/p>\n\n\n\n<p class=\"p1\">(c) TOSHIBA \u00dcBERNIMMT KEINERLEI EXPLIZITE ODER KONKLUDENTE GARANTIE UND SCHLIESST JEDE WEITERE HAFTUNG F\u00dcR DIE SERVICES VON UNABH\u00c4NGIGEN UND EXTERNEN SERVICEANBIETERN AUSDR\u00dcCKLICH AUS, DARUNTER DIE HAFTUNG F\u00dcR DIE QUALIT\u00c4T ODER ZUVERL\u00c4SSIGKEIT DER SERVICES DES UNABH\u00c4NGIGEN UND EXTERNEN SERVICEANBIETERS, DIE VERLETZUNG VON RECHTEN DRITTER, DIE VERMARKTUNGSF\u00c4HIGKEIT ODER DIE EIGNUNG F\u00dcR EINEN BESTIMMTEN ZWECK.<\/p>\n\n\n\n<p class=\"p1\">(d) Die Inanspruchnahme von Datenrettungsservices eines Serviceanbieters macht die Toshiba Garantie f\u00fcr externe und interne Toshiba Festplatten (\u201eFestplatten\u201c) nicht ung\u00fcltig, die Anwendern beim Kauf einer Festplatte gew\u00e4hrt wird (\u201eToshiba Garantie\u201c). Sollten die Datenrettungsservices des Serviceanbieters allerdings zu Sch\u00e4den an der Festplatte, bis hin zur Funktionsunf\u00e4higkeit, f\u00fchren, deckt die Toshiba Garantie diesen Schaden oder Defekt nicht ab.<\/p>\n\n\n\n<p class=\"p1\">(e) Gem\u00e4\u00df der Toshiba Garantie haftet TOSHIBA nicht f\u00fcr Verluste oder Sch\u00e4den jeglicher Art, die im Zusammenhang mit der Erbringung von Services durch einen Serviceanbieter stehen oder sich daraus ergeben. Dies betrifft unter anderem jegliche Verluste oder Sch\u00e4den bez\u00fcglich Daten auf einer Toshiba Festplatte, z. B. zur\u00fcckzuf\u00fchren auf missbr\u00e4uchliche Nutzung oder Manipulation, nicht sachgem\u00e4\u00dfen Umgang oder andere, in der Toshiba Garantie genannte Ursachen. Sie sind f\u00fcr das Sichern von Daten (Backups) selbst verantwortlich. Aus diesem Grund sichert TOSHIBA keine Entsch\u00e4digung bei finanziellen oder anderen Verlusten zu, die durch Datenverlust entstehen, und leistet eine solche auch nicht.<\/p>\n\n\n\n<p class=\"p1\">(f) Die tats\u00e4chlichen Bedingungen der Datenrettungsservices unterliegen den Anweisungen auf der Webseite des jeweiligen Serviceproviders.<\/p>\n\n\n\n<p class=\"has-text-align-center\">&nbsp;<\/p>\n\n\n\n<p>&nbsp;<\/p>\n\n\n\n\n\n\n\n\n\n\n\n\n\n","protected":false},"excerpt":{"rendered":"<p>M\u00f6chten Sie die Daten wiederherstellen, die auf Ihrer Festplatte gespeichert waren und nun nicht mehr zug\u00e4nglich sind? Haben Sie alle gespeicherten Erinnerungen durch ein Computervirus verloren? Haben Sie die Festplatte versehentlich neu formatiert*? Haben Sie wichtige Dateien versehentlich gel\u00f6scht\/\u00fcberschrieben? Haben Sie die Festplatte fallen lassen und k\u00f6nnen jetzt nicht mehr darauf zugreifen? * Eine Festplatte &hellip;<\/p>\n","protected":false},"author":30,"featured_media":45683,"parent":0,"menu_order":0,"comment_status":"closed","ping_status":"closed","template":"page-content-with-hero.php","meta":{"_acf_changed":false,"footnotes":""},"class_list":["post-41324","page","type-page","status-publish","has-post-thumbnail","hentry"],"acf":[],"yoast_head":"<!-- This site is optimized with the Yoast SEO Premium plugin v27.3 (Yoast SEO v27.3) - https:\/\/yoast.com\/product\/yoast-seo-premium-wordpress\/ -->\n<title>Datenrettungsservice - EMEA<\/title>\n<meta name=\"robots\" content=\"index, follow, max-snippet:-1, max-image-preview:large, max-video-preview:-1\" \/>\n<link rel=\"canonical\" href=\"https:\/\/www.wwwtoshibastoragecom.psl.dev\/de\/data-recovery\/\" \/>\n<meta property=\"og:locale\" content=\"de_DE\" \/>\n<meta property=\"og:type\" content=\"article\" \/>\n<meta property=\"og:title\" content=\"Datenrettungsservice\" \/>\n<meta property=\"og:description\" content=\"M\u00f6chten Sie die Daten wiederherstellen, die auf Ihrer Festplatte gespeichert waren und nun nicht mehr zug\u00e4nglich sind? Haben Sie alle gespeicherten Erinnerungen durch ein Computervirus verloren? Haben Sie die Festplatte versehentlich neu formatiert*? Haben Sie wichtige Dateien versehentlich gel\u00f6scht\/\u00fcberschrieben? Haben Sie die Festplatte fallen lassen und k\u00f6nnen jetzt nicht mehr darauf zugreifen? * Eine Festplatte &hellip;\" \/>\n<meta property=\"og:url\" content=\"https:\/\/www.wwwtoshibastoragecom.psl.dev\/de\/data-recovery\/\" \/>\n<meta property=\"og:site_name\" content=\"EMEA\" \/>\n<meta property=\"article:publisher\" content=\"https:\/\/www.facebook.com\/ToshibaStorageEU\/\" \/>\n<meta property=\"article:modified_time\" content=\"2022-05-27T12:42:39+00:00\" \/>\n<meta property=\"og:image\" content=\"https:\/\/www.wwwtoshibastoragecom.psl.dev\/wp-content\/uploads\/2021\/06\/TOSH_Kachel_Data_Recovery_450x450_V2.jpg\" \/>\n\t<meta property=\"og:image:width\" content=\"450\" \/>\n\t<meta property=\"og:image:height\" content=\"450\" \/>\n\t<meta property=\"og:image:type\" content=\"image\/jpeg\" \/>\n<meta name=\"twitter:card\" content=\"summary_large_image\" \/>\n<meta name=\"twitter:label1\" content=\"Est. reading time\" \/>\n\t<meta name=\"twitter:data1\" content=\"2 minutes\" \/>\n<script type=\"application\/ld+json\" class=\"yoast-schema-graph\">{\"@context\":\"https:\\\/\\\/schema.org\",\"@graph\":[{\"@type\":\"WebPage\",\"@id\":\"https:\\\/\\\/www.wwwtoshibastoragecom.psl.dev\\\/de\\\/data-recovery\\\/\",\"url\":\"https:\\\/\\\/www.wwwtoshibastoragecom.psl.dev\\\/de\\\/data-recovery\\\/\",\"name\":\"Datenrettungsservice - EMEA\",\"isPartOf\":{\"@id\":\"https:\\\/\\\/toshibastorage.local\\\/#website\"},\"primaryImageOfPage\":{\"@id\":\"https:\\\/\\\/www.wwwtoshibastoragecom.psl.dev\\\/de\\\/data-recovery\\\/#primaryimage\"},\"image\":{\"@id\":\"https:\\\/\\\/www.wwwtoshibastoragecom.psl.dev\\\/de\\\/data-recovery\\\/#primaryimage\"},\"thumbnailUrl\":\"https:\\\/\\\/www.wwwtoshibastoragecom.psl.dev\\\/wp-content\\\/uploads\\\/2021\\\/06\\\/TOSH_Kachel_Data_Recovery_450x450_V2.jpg\",\"datePublished\":\"2020-06-30T13:44:09+00:00\",\"dateModified\":\"2022-05-27T12:42:39+00:00\",\"inLanguage\":\"de-DE\",\"potentialAction\":[{\"@type\":\"ReadAction\",\"target\":[\"https:\\\/\\\/www.wwwtoshibastoragecom.psl.dev\\\/de\\\/data-recovery\\\/\"]}]},{\"@type\":\"ImageObject\",\"inLanguage\":\"de-DE\",\"@id\":\"https:\\\/\\\/www.wwwtoshibastoragecom.psl.dev\\\/de\\\/data-recovery\\\/#primaryimage\",\"url\":\"https:\\\/\\\/www.wwwtoshibastoragecom.psl.dev\\\/wp-content\\\/uploads\\\/2021\\\/06\\\/TOSH_Kachel_Data_Recovery_450x450_V2.jpg\",\"contentUrl\":\"https:\\\/\\\/www.wwwtoshibastoragecom.psl.dev\\\/wp-content\\\/uploads\\\/2021\\\/06\\\/TOSH_Kachel_Data_Recovery_450x450_V2.jpg\",\"width\":450,\"height\":450},{\"@type\":\"WebSite\",\"@id\":\"https:\\\/\\\/toshibastorage.local\\\/#website\",\"url\":\"https:\\\/\\\/toshibastorage.local\\\/\",\"name\":\"Toshiba Storage Solutions \u2013 EMEA Region\",\"description\":\"Toshiba in Europe and Middle East Asia provides reliable and innovative storage solutions and internal and external HDDs \u2013for Laptops, PC, NAS, Surveillance and Enterprise.\",\"publisher\":{\"@id\":\"https:\\\/\\\/toshibastorage.local\\\/#organization\"},\"potentialAction\":[{\"@type\":\"SearchAction\",\"target\":{\"@type\":\"EntryPoint\",\"urlTemplate\":\"https:\\\/\\\/toshibastorage.local\\\/?s={search_term_string}\"},\"query-input\":{\"@type\":\"PropertyValueSpecification\",\"valueRequired\":true,\"valueName\":\"search_term_string\"}}],\"inLanguage\":\"de-DE\"},{\"@type\":\"Organization\",\"@id\":\"https:\\\/\\\/toshibastorage.local\\\/#organization\",\"name\":\"Toshiba Electronics Europe GmbH\",\"url\":\"https:\\\/\\\/toshibastorage.local\\\/\",\"logo\":{\"@type\":\"ImageObject\",\"inLanguage\":\"de-DE\",\"@id\":\"https:\\\/\\\/toshibastorage.local\\\/#\\\/schema\\\/logo\\\/image\\\/\",\"url\":\"https:\\\/\\\/www.wwwtoshibastoragecom.psl.dev\\\/wp-content\\\/uploads\\\/2024\\\/02\\\/toshiba-logo.png\",\"contentUrl\":\"https:\\\/\\\/www.wwwtoshibastoragecom.psl.dev\\\/wp-content\\\/uploads\\\/2024\\\/02\\\/toshiba-logo.png\",\"width\":263,\"height\":40,\"caption\":\"Toshiba Electronics Europe GmbH\"},\"image\":{\"@id\":\"https:\\\/\\\/toshibastorage.local\\\/#\\\/schema\\\/logo\\\/image\\\/\"},\"sameAs\":[\"https:\\\/\\\/www.facebook.com\\\/ToshibaStorageEU\\\/\",\"https:\\\/\\\/www.linkedin.com\\\/company\\\/toshiba-electronics-europe-gmbh\\\/?originalSubdomain=de\",\"https:\\\/\\\/www.youtube.com\\\/user\\\/ToshibaElectronics1\"]}]}<\/script>\n<!-- \/ Yoast SEO Premium plugin. -->","yoast_head_json":{"title":"Datenrettungsservice - EMEA","robots":{"index":"index","follow":"follow","max-snippet":"max-snippet:-1","max-image-preview":"max-image-preview:large","max-video-preview":"max-video-preview:-1"},"canonical":"https:\/\/www.wwwtoshibastoragecom.psl.dev\/de\/data-recovery\/","og_locale":"de_DE","og_type":"article","og_title":"Datenrettungsservice","og_description":"M\u00f6chten Sie die Daten wiederherstellen, die auf Ihrer Festplatte gespeichert waren und nun nicht mehr zug\u00e4nglich sind? Haben Sie alle gespeicherten Erinnerungen durch ein Computervirus verloren? Haben Sie die Festplatte versehentlich neu formatiert*? Haben Sie wichtige Dateien versehentlich gel\u00f6scht\/\u00fcberschrieben? Haben Sie die Festplatte fallen lassen und k\u00f6nnen jetzt nicht mehr darauf zugreifen? * Eine Festplatte &hellip;","og_url":"https:\/\/www.wwwtoshibastoragecom.psl.dev\/de\/data-recovery\/","og_site_name":"EMEA","article_publisher":"https:\/\/www.facebook.com\/ToshibaStorageEU\/","article_modified_time":"2022-05-27T12:42:39+00:00","og_image":[{"width":450,"height":450,"url":"https:\/\/www.wwwtoshibastoragecom.psl.dev\/wp-content\/uploads\/2021\/06\/TOSH_Kachel_Data_Recovery_450x450_V2.jpg","type":"image\/jpeg"}],"twitter_card":"summary_large_image","twitter_misc":{"Est. reading time":"2 minutes"},"schema":{"@context":"https:\/\/schema.org","@graph":[{"@type":"WebPage","@id":"https:\/\/www.wwwtoshibastoragecom.psl.dev\/de\/data-recovery\/","url":"https:\/\/www.wwwtoshibastoragecom.psl.dev\/de\/data-recovery\/","name":"Datenrettungsservice - EMEA","isPartOf":{"@id":"https:\/\/toshibastorage.local\/#website"},"primaryImageOfPage":{"@id":"https:\/\/www.wwwtoshibastoragecom.psl.dev\/de\/data-recovery\/#primaryimage"},"image":{"@id":"https:\/\/www.wwwtoshibastoragecom.psl.dev\/de\/data-recovery\/#primaryimage"},"thumbnailUrl":"https:\/\/www.wwwtoshibastoragecom.psl.dev\/wp-content\/uploads\/2021\/06\/TOSH_Kachel_Data_Recovery_450x450_V2.jpg","datePublished":"2020-06-30T13:44:09+00:00","dateModified":"2022-05-27T12:42:39+00:00","inLanguage":"de-DE","potentialAction":[{"@type":"ReadAction","target":["https:\/\/www.wwwtoshibastoragecom.psl.dev\/de\/data-recovery\/"]}]},{"@type":"ImageObject","inLanguage":"de-DE","@id":"https:\/\/www.wwwtoshibastoragecom.psl.dev\/de\/data-recovery\/#primaryimage","url":"https:\/\/www.wwwtoshibastoragecom.psl.dev\/wp-content\/uploads\/2021\/06\/TOSH_Kachel_Data_Recovery_450x450_V2.jpg","contentUrl":"https:\/\/www.wwwtoshibastoragecom.psl.dev\/wp-content\/uploads\/2021\/06\/TOSH_Kachel_Data_Recovery_450x450_V2.jpg","width":450,"height":450},{"@type":"WebSite","@id":"https:\/\/toshibastorage.local\/#website","url":"https:\/\/toshibastorage.local\/","name":"Toshiba Storage Solutions \u2013 EMEA Region","description":"Toshiba in Europe and Middle East Asia provides reliable and innovative storage solutions and internal and external HDDs \u2013for Laptops, PC, NAS, Surveillance and Enterprise.","publisher":{"@id":"https:\/\/toshibastorage.local\/#organization"},"potentialAction":[{"@type":"SearchAction","target":{"@type":"EntryPoint","urlTemplate":"https:\/\/toshibastorage.local\/?s={search_term_string}"},"query-input":{"@type":"PropertyValueSpecification","valueRequired":true,"valueName":"search_term_string"}}],"inLanguage":"de-DE"},{"@type":"Organization","@id":"https:\/\/toshibastorage.local\/#organization","name":"Toshiba Electronics Europe GmbH","url":"https:\/\/toshibastorage.local\/","logo":{"@type":"ImageObject","inLanguage":"de-DE","@id":"https:\/\/toshibastorage.local\/#\/schema\/logo\/image\/","url":"https:\/\/www.wwwtoshibastoragecom.psl.dev\/wp-content\/uploads\/2024\/02\/toshiba-logo.png","contentUrl":"https:\/\/www.wwwtoshibastoragecom.psl.dev\/wp-content\/uploads\/2024\/02\/toshiba-logo.png","width":263,"height":40,"caption":"Toshiba Electronics Europe GmbH"},"image":{"@id":"https:\/\/toshibastorage.local\/#\/schema\/logo\/image\/"},"sameAs":["https:\/\/www.facebook.com\/ToshibaStorageEU\/","https:\/\/www.linkedin.com\/company\/toshiba-electronics-europe-gmbh\/?originalSubdomain=de","https:\/\/www.youtube.com\/user\/ToshibaElectronics1"]}]}},"_links":{"self":[{"href":"https:\/\/www.wwwtoshibastoragecom.psl.dev\/de\/wp-json\/wp\/v2\/pages\/41324","targetHints":{"allow":["GET"]}}],"collection":[{"href":"https:\/\/www.wwwtoshibastoragecom.psl.dev\/de\/wp-json\/wp\/v2\/pages"}],"about":[{"href":"https:\/\/www.wwwtoshibastoragecom.psl.dev\/de\/wp-json\/wp\/v2\/types\/page"}],"author":[{"embeddable":true,"href":"https:\/\/www.wwwtoshibastoragecom.psl.dev\/de\/wp-json\/wp\/v2\/users\/30"}],"replies":[{"embeddable":true,"href":"https:\/\/www.wwwtoshibastoragecom.psl.dev\/de\/wp-json\/wp\/v2\/comments?post=41324"}],"version-history":[{"count":0,"href":"https:\/\/www.wwwtoshibastoragecom.psl.dev\/de\/wp-json\/wp\/v2\/pages\/41324\/revisions"}],"wp:featuredmedia":[{"embeddable":true,"href":"https:\/\/www.wwwtoshibastoragecom.psl.dev\/de\/wp-json\/wp\/v2\/media\/45683"}],"wp:attachment":[{"href":"https:\/\/www.wwwtoshibastoragecom.psl.dev\/de\/wp-json\/wp\/v2\/media?parent=41324"}],"curies":[{"name":"wp","href":"https:\/\/api.w.org\/{rel}","templated":true}]}}