{"id":13657,"date":"2017-11-17T09:23:41","date_gmt":"2017-11-17T08:23:41","guid":{"rendered":"https:\/\/toshibaelectronicseuropegmbh.preview.pslsrv.com\/pressekontakt\/"},"modified":"2023-05-11T20:25:17","modified_gmt":"2023-05-11T18:25:17","slug":"press-contact","status":"publish","type":"page","link":"https:\/\/www.wwwtoshibastoragecom.psl.dev\/de\/press-contact\/","title":{"rendered":"Pressestelle"},"content":{"rendered":"<p>Bei pressebezogenen Fragen, Vorschl\u00e4gen oder Anmerkungen k\u00f6nnen Sie uns gern jederzeit kontaktieren. W\u00e4hlen Sie Ihr Land aus der Liste aus.<\/p>\n","protected":false},"excerpt":{"rendered":"<p>Bei pressebezogenen Fragen, Vorschl\u00e4gen oder Anmerkungen k\u00f6nnen Sie uns gern jederzeit kontaktieren. W\u00e4hlen Sie Ihr Land aus der Liste aus.<\/p>\n","protected":false},"author":22,"featured_media":0,"parent":0,"menu_order":0,"comment_status":"closed","ping_status":"closed","template":"page-press-contact.php","meta":{"_acf_changed":false,"footnotes":""},"class_list":["post-13657","page","type-page","status-publish","hentry"],"acf":[],"yoast_head":"<!-- This site is optimized with the Yoast SEO Premium plugin v27.3 (Yoast SEO v27.3) - https:\/\/yoast.com\/product\/yoast-seo-premium-wordpress\/ -->\n<title>Pressestelle - EMEA<\/title>\n<meta name=\"robots\" content=\"index, follow, max-snippet:-1, max-image-preview:large, max-video-preview:-1\" \/>\n<link rel=\"canonical\" href=\"https:\/\/www.wwwtoshibastoragecom.psl.dev\/de\/press-contact\/\" \/>\n<meta property=\"og:locale\" content=\"de_DE\" \/>\n<meta property=\"og:type\" content=\"article\" \/>\n<meta property=\"og:title\" content=\"Pressestelle\" \/>\n<meta property=\"og:description\" content=\"Bei pressebezogenen Fragen, Vorschl\u00e4gen oder Anmerkungen k\u00f6nnen Sie uns gern jederzeit kontaktieren. W\u00e4hlen Sie Ihr Land aus der Liste aus.\" \/>\n<meta property=\"og:url\" content=\"https:\/\/www.wwwtoshibastoragecom.psl.dev\/de\/press-contact\/\" \/>\n<meta property=\"og:site_name\" content=\"EMEA\" \/>\n<meta property=\"article:publisher\" content=\"https:\/\/www.facebook.com\/ToshibaStorageEU\/\" \/>\n<meta property=\"article:modified_time\" content=\"2023-05-11T18:25:17+00:00\" \/>\n<meta name=\"twitter:card\" content=\"summary_large_image\" \/>\n<script type=\"application\/ld+json\" class=\"yoast-schema-graph\">{\"@context\":\"https:\\\/\\\/schema.org\",\"@graph\":[{\"@type\":\"WebPage\",\"@id\":\"https:\\\/\\\/www.wwwtoshibastoragecom.psl.dev\\\/de\\\/press-contact\\\/\",\"url\":\"https:\\\/\\\/www.wwwtoshibastoragecom.psl.dev\\\/de\\\/press-contact\\\/\",\"name\":\"Pressestelle - EMEA\",\"isPartOf\":{\"@id\":\"https:\\\/\\\/toshibastorage.local\\\/#website\"},\"datePublished\":\"2017-11-17T08:23:41+00:00\",\"dateModified\":\"2023-05-11T18:25:17+00:00\",\"inLanguage\":\"de-DE\",\"potentialAction\":[{\"@type\":\"ReadAction\",\"target\":[\"https:\\\/\\\/www.wwwtoshibastoragecom.psl.dev\\\/de\\\/press-contact\\\/\"]}]},{\"@type\":\"WebSite\",\"@id\":\"https:\\\/\\\/toshibastorage.local\\\/#website\",\"url\":\"https:\\\/\\\/toshibastorage.local\\\/\",\"name\":\"Toshiba Storage Solutions \u2013 EMEA Region\",\"description\":\"Toshiba in Europe and Middle East Asia provides reliable and innovative storage solutions and internal and external HDDs \u2013for Laptops, PC, NAS, Surveillance and Enterprise.\",\"publisher\":{\"@id\":\"https:\\\/\\\/toshibastorage.local\\\/#organization\"},\"potentialAction\":[{\"@type\":\"SearchAction\",\"target\":{\"@type\":\"EntryPoint\",\"urlTemplate\":\"https:\\\/\\\/toshibastorage.local\\\/?s={search_term_string}\"},\"query-input\":{\"@type\":\"PropertyValueSpecification\",\"valueRequired\":true,\"valueName\":\"search_term_string\"}}],\"inLanguage\":\"de-DE\"},{\"@type\":\"Organization\",\"@id\":\"https:\\\/\\\/toshibastorage.local\\\/#organization\",\"name\":\"Toshiba Electronics Europe GmbH\",\"url\":\"https:\\\/\\\/toshibastorage.local\\\/\",\"logo\":{\"@type\":\"ImageObject\",\"inLanguage\":\"de-DE\",\"@id\":\"https:\\\/\\\/toshibastorage.local\\\/#\\\/schema\\\/logo\\\/image\\\/\",\"url\":\"https:\\\/\\\/www.wwwtoshibastoragecom.psl.dev\\\/wp-content\\\/uploads\\\/2024\\\/02\\\/toshiba-logo.png\",\"contentUrl\":\"https:\\\/\\\/www.wwwtoshibastoragecom.psl.dev\\\/wp-content\\\/uploads\\\/2024\\\/02\\\/toshiba-logo.png\",\"width\":263,\"height\":40,\"caption\":\"Toshiba Electronics Europe GmbH\"},\"image\":{\"@id\":\"https:\\\/\\\/toshibastorage.local\\\/#\\\/schema\\\/logo\\\/image\\\/\"},\"sameAs\":[\"https:\\\/\\\/www.facebook.com\\\/ToshibaStorageEU\\\/\",\"https:\\\/\\\/www.linkedin.com\\\/company\\\/toshiba-electronics-europe-gmbh\\\/?originalSubdomain=de\",\"https:\\\/\\\/www.youtube.com\\\/user\\\/ToshibaElectronics1\"]}]}<\/script>\n<!-- \/ Yoast SEO Premium plugin. -->","yoast_head_json":{"title":"Pressestelle - EMEA","robots":{"index":"index","follow":"follow","max-snippet":"max-snippet:-1","max-image-preview":"max-image-preview:large","max-video-preview":"max-video-preview:-1"},"canonical":"https:\/\/www.wwwtoshibastoragecom.psl.dev\/de\/press-contact\/","og_locale":"de_DE","og_type":"article","og_title":"Pressestelle","og_description":"Bei pressebezogenen Fragen, Vorschl\u00e4gen oder Anmerkungen k\u00f6nnen Sie uns gern jederzeit kontaktieren. W\u00e4hlen Sie Ihr Land aus der Liste aus.","og_url":"https:\/\/www.wwwtoshibastoragecom.psl.dev\/de\/press-contact\/","og_site_name":"EMEA","article_publisher":"https:\/\/www.facebook.com\/ToshibaStorageEU\/","article_modified_time":"2023-05-11T18:25:17+00:00","twitter_card":"summary_large_image","schema":{"@context":"https:\/\/schema.org","@graph":[{"@type":"WebPage","@id":"https:\/\/www.wwwtoshibastoragecom.psl.dev\/de\/press-contact\/","url":"https:\/\/www.wwwtoshibastoragecom.psl.dev\/de\/press-contact\/","name":"Pressestelle - EMEA","isPartOf":{"@id":"https:\/\/toshibastorage.local\/#website"},"datePublished":"2017-11-17T08:23:41+00:00","dateModified":"2023-05-11T18:25:17+00:00","inLanguage":"de-DE","potentialAction":[{"@type":"ReadAction","target":["https:\/\/www.wwwtoshibastoragecom.psl.dev\/de\/press-contact\/"]}]},{"@type":"WebSite","@id":"https:\/\/toshibastorage.local\/#website","url":"https:\/\/toshibastorage.local\/","name":"Toshiba Storage Solutions \u2013 EMEA Region","description":"Toshiba in Europe and Middle East Asia provides reliable and innovative storage solutions and internal and external HDDs \u2013for Laptops, PC, NAS, Surveillance and Enterprise.","publisher":{"@id":"https:\/\/toshibastorage.local\/#organization"},"potentialAction":[{"@type":"SearchAction","target":{"@type":"EntryPoint","urlTemplate":"https:\/\/toshibastorage.local\/?s={search_term_string}"},"query-input":{"@type":"PropertyValueSpecification","valueRequired":true,"valueName":"search_term_string"}}],"inLanguage":"de-DE"},{"@type":"Organization","@id":"https:\/\/toshibastorage.local\/#organization","name":"Toshiba Electronics Europe GmbH","url":"https:\/\/toshibastorage.local\/","logo":{"@type":"ImageObject","inLanguage":"de-DE","@id":"https:\/\/toshibastorage.local\/#\/schema\/logo\/image\/","url":"https:\/\/www.wwwtoshibastoragecom.psl.dev\/wp-content\/uploads\/2024\/02\/toshiba-logo.png","contentUrl":"https:\/\/www.wwwtoshibastoragecom.psl.dev\/wp-content\/uploads\/2024\/02\/toshiba-logo.png","width":263,"height":40,"caption":"Toshiba Electronics Europe GmbH"},"image":{"@id":"https:\/\/toshibastorage.local\/#\/schema\/logo\/image\/"},"sameAs":["https:\/\/www.facebook.com\/ToshibaStorageEU\/","https:\/\/www.linkedin.com\/company\/toshiba-electronics-europe-gmbh\/?originalSubdomain=de","https:\/\/www.youtube.com\/user\/ToshibaElectronics1"]}]}},"_links":{"self":[{"href":"https:\/\/www.wwwtoshibastoragecom.psl.dev\/de\/wp-json\/wp\/v2\/pages\/13657","targetHints":{"allow":["GET"]}}],"collection":[{"href":"https:\/\/www.wwwtoshibastoragecom.psl.dev\/de\/wp-json\/wp\/v2\/pages"}],"about":[{"href":"https:\/\/www.wwwtoshibastoragecom.psl.dev\/de\/wp-json\/wp\/v2\/types\/page"}],"author":[{"embeddable":true,"href":"https:\/\/www.wwwtoshibastoragecom.psl.dev\/de\/wp-json\/wp\/v2\/users\/22"}],"replies":[{"embeddable":true,"href":"https:\/\/www.wwwtoshibastoragecom.psl.dev\/de\/wp-json\/wp\/v2\/comments?post=13657"}],"version-history":[{"count":0,"href":"https:\/\/www.wwwtoshibastoragecom.psl.dev\/de\/wp-json\/wp\/v2\/pages\/13657\/revisions"}],"wp:attachment":[{"href":"https:\/\/www.wwwtoshibastoragecom.psl.dev\/de\/wp-json\/wp\/v2\/media?parent=13657"}],"curies":[{"name":"wp","href":"https:\/\/api.w.org\/{rel}","templated":true}]}}