{"id":10531,"date":"2017-10-15T14:40:48","date_gmt":"2017-10-15T12:40:48","guid":{"rendered":"https:\/\/toshibaelectronicseuropegmbh.preview.pslsrv.com\/impressum\/"},"modified":"2023-07-03T09:19:57","modified_gmt":"2023-07-03T07:19:57","slug":"imprint","status":"publish","type":"page","link":"https:\/\/www.wwwtoshibastoragecom.psl.dev\/de\/imprint\/","title":{"rendered":"Impressum"},"content":{"rendered":"<div class=\"wpb-content-wrapper\"><p>[vc_row][vc_column][vc_column_text]Toshiba Electronics Europe GmbH<\/p>\n<p>Hansaallee 181<br \/>\n40549 D\u00fcsseldorf<br \/>\nDeutschland<\/p>\n<p>Telefon: +49 (0) 211 5296-0<br \/>\nFax: +49 (0) 0211 5296-400<br \/>\nE-Mail:\u00a0<a href=\"mailto:info@toshiba-storage.com\">info@toshiba-storage.com<\/a><\/p>\n<p>Gesch\u00e4ftsf\u00fchrer: Peter Lieberwirth<br \/>\nHandelsregister: D\u00fcsseldorf HRB 22487<br \/>\nUSt-IdNr.: DE811207415[\/vc_column_text][\/vc_column][\/vc_row]<\/p>\n<\/div>","protected":false},"excerpt":{"rendered":"<p>[vc_row][vc_column][vc_column_text]Toshiba Electronics Europe GmbH Hansaallee 181 40549 D\u00fcsseldorf Deutschland Telefon: +49 (0) 211 5296-0 Fax: +49 (0) 0211 5296-400 E-Mail:\u00a0info@toshiba-storage.com Gesch\u00e4ftsf\u00fchrer: Peter Lieberwirth Handelsregister: D\u00fcsseldorf HRB 22487 USt-IdNr.: DE811207415[\/vc_column_text][\/vc_column][\/vc_row]<\/p>\n","protected":false},"author":22,"featured_media":0,"parent":0,"menu_order":0,"comment_status":"closed","ping_status":"closed","template":"page-legal.php","meta":{"_acf_changed":false,"footnotes":""},"class_list":["post-10531","page","type-page","status-publish","hentry"],"acf":[],"yoast_head":"<!-- This site is optimized with the Yoast SEO Premium plugin v27.3 (Yoast SEO v27.3) - https:\/\/yoast.com\/product\/yoast-seo-premium-wordpress\/ -->\n<title>Impressum - EMEA<\/title>\n<meta name=\"robots\" content=\"index, follow, max-snippet:-1, max-image-preview:large, max-video-preview:-1\" \/>\n<link rel=\"canonical\" href=\"https:\/\/www.wwwtoshibastoragecom.psl.dev\/de\/imprint\/\" \/>\n<meta property=\"og:locale\" content=\"de_DE\" \/>\n<meta property=\"og:type\" content=\"article\" \/>\n<meta property=\"og:title\" content=\"Impressum\" \/>\n<meta property=\"og:description\" content=\"[vc_row][vc_column][vc_column_text]Toshiba Electronics Europe GmbH Hansaallee 181 40549 D\u00fcsseldorf Deutschland Telefon: +49 (0) 211 5296-0 Fax: +49 (0) 0211 5296-400 E-Mail:\u00a0info@toshiba-storage.com Gesch\u00e4ftsf\u00fchrer: Peter Lieberwirth Handelsregister: D\u00fcsseldorf HRB 22487 USt-IdNr.: DE811207415[\/vc_column_text][\/vc_column][\/vc_row]\" \/>\n<meta property=\"og:url\" content=\"https:\/\/www.wwwtoshibastoragecom.psl.dev\/de\/imprint\/\" \/>\n<meta property=\"og:site_name\" content=\"EMEA\" \/>\n<meta property=\"article:publisher\" content=\"https:\/\/www.facebook.com\/ToshibaStorageEU\/\" \/>\n<meta property=\"article:modified_time\" content=\"2023-07-03T07:19:57+00:00\" \/>\n<meta name=\"twitter:card\" content=\"summary_large_image\" \/>\n<script type=\"application\/ld+json\" class=\"yoast-schema-graph\">{\"@context\":\"https:\\\/\\\/schema.org\",\"@graph\":[{\"@type\":\"WebPage\",\"@id\":\"https:\\\/\\\/www.wwwtoshibastoragecom.psl.dev\\\/de\\\/imprint\\\/\",\"url\":\"https:\\\/\\\/www.wwwtoshibastoragecom.psl.dev\\\/de\\\/imprint\\\/\",\"name\":\"Impressum - EMEA\",\"isPartOf\":{\"@id\":\"https:\\\/\\\/toshibastorage.local\\\/#website\"},\"datePublished\":\"2017-10-15T12:40:48+00:00\",\"dateModified\":\"2023-07-03T07:19:57+00:00\",\"inLanguage\":\"de-DE\",\"potentialAction\":[{\"@type\":\"ReadAction\",\"target\":[\"https:\\\/\\\/www.wwwtoshibastoragecom.psl.dev\\\/de\\\/imprint\\\/\"]}]},{\"@type\":\"WebSite\",\"@id\":\"https:\\\/\\\/toshibastorage.local\\\/#website\",\"url\":\"https:\\\/\\\/toshibastorage.local\\\/\",\"name\":\"Toshiba Storage Solutions \u2013 EMEA Region\",\"description\":\"Toshiba in Europe and Middle East Asia provides reliable and innovative storage solutions and internal and external HDDs \u2013for Laptops, PC, NAS, Surveillance and Enterprise.\",\"publisher\":{\"@id\":\"https:\\\/\\\/toshibastorage.local\\\/#organization\"},\"potentialAction\":[{\"@type\":\"SearchAction\",\"target\":{\"@type\":\"EntryPoint\",\"urlTemplate\":\"https:\\\/\\\/toshibastorage.local\\\/?s={search_term_string}\"},\"query-input\":{\"@type\":\"PropertyValueSpecification\",\"valueRequired\":true,\"valueName\":\"search_term_string\"}}],\"inLanguage\":\"de-DE\"},{\"@type\":\"Organization\",\"@id\":\"https:\\\/\\\/toshibastorage.local\\\/#organization\",\"name\":\"Toshiba Electronics Europe GmbH\",\"url\":\"https:\\\/\\\/toshibastorage.local\\\/\",\"logo\":{\"@type\":\"ImageObject\",\"inLanguage\":\"de-DE\",\"@id\":\"https:\\\/\\\/toshibastorage.local\\\/#\\\/schema\\\/logo\\\/image\\\/\",\"url\":\"https:\\\/\\\/www.wwwtoshibastoragecom.psl.dev\\\/wp-content\\\/uploads\\\/2024\\\/02\\\/toshiba-logo.png\",\"contentUrl\":\"https:\\\/\\\/www.wwwtoshibastoragecom.psl.dev\\\/wp-content\\\/uploads\\\/2024\\\/02\\\/toshiba-logo.png\",\"width\":263,\"height\":40,\"caption\":\"Toshiba Electronics Europe GmbH\"},\"image\":{\"@id\":\"https:\\\/\\\/toshibastorage.local\\\/#\\\/schema\\\/logo\\\/image\\\/\"},\"sameAs\":[\"https:\\\/\\\/www.facebook.com\\\/ToshibaStorageEU\\\/\",\"https:\\\/\\\/www.linkedin.com\\\/company\\\/toshiba-electronics-europe-gmbh\\\/?originalSubdomain=de\",\"https:\\\/\\\/www.youtube.com\\\/user\\\/ToshibaElectronics1\"]}]}<\/script>\n<!-- \/ Yoast SEO Premium plugin. -->","yoast_head_json":{"title":"Impressum - EMEA","robots":{"index":"index","follow":"follow","max-snippet":"max-snippet:-1","max-image-preview":"max-image-preview:large","max-video-preview":"max-video-preview:-1"},"canonical":"https:\/\/www.wwwtoshibastoragecom.psl.dev\/de\/imprint\/","og_locale":"de_DE","og_type":"article","og_title":"Impressum","og_description":"[vc_row][vc_column][vc_column_text]Toshiba Electronics Europe GmbH Hansaallee 181 40549 D\u00fcsseldorf Deutschland Telefon: +49 (0) 211 5296-0 Fax: +49 (0) 0211 5296-400 E-Mail:\u00a0info@toshiba-storage.com Gesch\u00e4ftsf\u00fchrer: Peter Lieberwirth Handelsregister: D\u00fcsseldorf HRB 22487 USt-IdNr.: DE811207415[\/vc_column_text][\/vc_column][\/vc_row]","og_url":"https:\/\/www.wwwtoshibastoragecom.psl.dev\/de\/imprint\/","og_site_name":"EMEA","article_publisher":"https:\/\/www.facebook.com\/ToshibaStorageEU\/","article_modified_time":"2023-07-03T07:19:57+00:00","twitter_card":"summary_large_image","schema":{"@context":"https:\/\/schema.org","@graph":[{"@type":"WebPage","@id":"https:\/\/www.wwwtoshibastoragecom.psl.dev\/de\/imprint\/","url":"https:\/\/www.wwwtoshibastoragecom.psl.dev\/de\/imprint\/","name":"Impressum - EMEA","isPartOf":{"@id":"https:\/\/toshibastorage.local\/#website"},"datePublished":"2017-10-15T12:40:48+00:00","dateModified":"2023-07-03T07:19:57+00:00","inLanguage":"de-DE","potentialAction":[{"@type":"ReadAction","target":["https:\/\/www.wwwtoshibastoragecom.psl.dev\/de\/imprint\/"]}]},{"@type":"WebSite","@id":"https:\/\/toshibastorage.local\/#website","url":"https:\/\/toshibastorage.local\/","name":"Toshiba Storage Solutions \u2013 EMEA Region","description":"Toshiba in Europe and Middle East Asia provides reliable and innovative storage solutions and internal and external HDDs \u2013for Laptops, PC, NAS, Surveillance and Enterprise.","publisher":{"@id":"https:\/\/toshibastorage.local\/#organization"},"potentialAction":[{"@type":"SearchAction","target":{"@type":"EntryPoint","urlTemplate":"https:\/\/toshibastorage.local\/?s={search_term_string}"},"query-input":{"@type":"PropertyValueSpecification","valueRequired":true,"valueName":"search_term_string"}}],"inLanguage":"de-DE"},{"@type":"Organization","@id":"https:\/\/toshibastorage.local\/#organization","name":"Toshiba Electronics Europe GmbH","url":"https:\/\/toshibastorage.local\/","logo":{"@type":"ImageObject","inLanguage":"de-DE","@id":"https:\/\/toshibastorage.local\/#\/schema\/logo\/image\/","url":"https:\/\/www.wwwtoshibastoragecom.psl.dev\/wp-content\/uploads\/2024\/02\/toshiba-logo.png","contentUrl":"https:\/\/www.wwwtoshibastoragecom.psl.dev\/wp-content\/uploads\/2024\/02\/toshiba-logo.png","width":263,"height":40,"caption":"Toshiba Electronics Europe GmbH"},"image":{"@id":"https:\/\/toshibastorage.local\/#\/schema\/logo\/image\/"},"sameAs":["https:\/\/www.facebook.com\/ToshibaStorageEU\/","https:\/\/www.linkedin.com\/company\/toshiba-electronics-europe-gmbh\/?originalSubdomain=de","https:\/\/www.youtube.com\/user\/ToshibaElectronics1"]}]}},"_links":{"self":[{"href":"https:\/\/www.wwwtoshibastoragecom.psl.dev\/de\/wp-json\/wp\/v2\/pages\/10531","targetHints":{"allow":["GET"]}}],"collection":[{"href":"https:\/\/www.wwwtoshibastoragecom.psl.dev\/de\/wp-json\/wp\/v2\/pages"}],"about":[{"href":"https:\/\/www.wwwtoshibastoragecom.psl.dev\/de\/wp-json\/wp\/v2\/types\/page"}],"author":[{"embeddable":true,"href":"https:\/\/www.wwwtoshibastoragecom.psl.dev\/de\/wp-json\/wp\/v2\/users\/22"}],"replies":[{"embeddable":true,"href":"https:\/\/www.wwwtoshibastoragecom.psl.dev\/de\/wp-json\/wp\/v2\/comments?post=10531"}],"version-history":[{"count":0,"href":"https:\/\/www.wwwtoshibastoragecom.psl.dev\/de\/wp-json\/wp\/v2\/pages\/10531\/revisions"}],"wp:attachment":[{"href":"https:\/\/www.wwwtoshibastoragecom.psl.dev\/de\/wp-json\/wp\/v2\/media?parent=10531"}],"curies":[{"name":"wp","href":"https:\/\/api.w.org\/{rel}","templated":true}]}}